{"id":416,"date":"2026-04-11T10:27:13","date_gmt":"2026-04-11T07:27:13","guid":{"rendered":"https:\/\/www.w5.ro\/shop\/?page_id=416"},"modified":"2026-04-21T21:16:33","modified_gmt":"2026-04-21T18:16:33","slug":"home","status":"publish","type":"page","link":"https:\/\/www.w5.ro\/shop\/en\/","title":{"rendered":"Home"},"content":{"rendered":"<div data-elementor-type=\"wp-page\" data-elementor-id=\"416\" class=\"elementor elementor-416\">\n\t\t\t\t<div class=\"elementor-element elementor-element-29d2ff9c e-flex e-con-boxed e-con e-parent\" data-id=\"29d2ff9c\" data-element_type=\"container\" data-e-type=\"container\">\n\t\t\t\t\t<div class=\"e-con-inner\">\n\t\t\t\t<div class=\"elementor-element elementor-element-c6ed7e5 elementor-widget elementor-widget-text-editor\" data-id=\"c6ed7e5\" data-element_type=\"widget\" data-e-type=\"widget\" data-widget_type=\"text-editor.default\">\n\t\t\t\t<div class=\"elementor-widget-container\">\n\t\t\t\t\t\t\t\t\t\n<div class=\"wp-block-group crosetiq-intro is-layout-constrained wp-block-group-is-layout-constrained\">\n<div class=\"wp-block-group crosetiq-intro is-layout-constrained wp-block-group-is-layout-constrained\">\n<h1 class=\"wp-block-heading\">Crosetiq \u2013 juc\u0103rii cro\u0219etate handmade \u0219i decora\u021biuni<\/h1>\n\n<p>La Crosetiq g\u0103se\u0219ti produse lucrate manual, create cu grij\u0103 pentru copii, cadouri speciale \u0219i momente frumoase. Fiecare produs este realizat cu aten\u021bie la detalii, \u00eentr-un stil cald \u0219i delicat.<\/p>\n<\/div>\n<\/div>\n\n<div class=\"wp-block-group crosetiq-featured is-content-justification-left is-layout-constrained wp-container-core-group-is-layout-12dd3699 wp-block-group-is-layout-constrained\">\n<h2 class=\"wp-block-heading\">Produse recomandate:<\/h2>\n\n<p class=\"has-text-align-left\">Am ales c\u00e2teva dintre produsele noastre preferate, potrivite pentru cadouri \u0219i decoruri handmade.<\/p>\n\n<div class=\"woocommerce columns-4\">\n<ul class=\"products columns-4\" data-products=\"type-2\">\n<li class=\"product type-product post-346 status-publish first instock product_cat-decoratiuni-de-paste product_cat-cosulete-crosetate product_tag-cosulet-paste product_tag-decoratiuni-paste product_tag-paste has-post-thumbnail sale featured shipping-taxable purchasable product-type-variable has-default-attributes\">\n\t<a href=\"https:\/\/www.w5.ro\/shop\/en\/cosulet-crosetat\/\" class=\"woocommerce-LoopProduct-link woocommerce-loop-product__link\"><br \/>\n\t<span class=\"onsale\" data-shape=\"type-2\">SALE<\/span><br \/>\n\t<img fetchpriority=\"high\" decoding=\"async\" width=\"300\" height=\"300\" src=\"https:\/\/www.w5.ro\/shop\/wp-content\/uploads\/2026\/04\/cosulet_1-1-300x300.png\" class=\"attachment-woocommerce_thumbnail size-woocommerce_thumbnail\" alt=\"Cosulet crosetat\" srcset=\"https:\/\/www.w5.ro\/shop\/wp-content\/uploads\/2026\/04\/cosulet_1-1-300x300.png 300w, https:\/\/www.w5.ro\/shop\/wp-content\/uploads\/2026\/04\/cosulet_1-1-150x150.png 150w, https:\/\/www.w5.ro\/shop\/wp-content\/uploads\/2026\/04\/cosulet_1-1-500x500.png 500w, https:\/\/www.w5.ro\/shop\/wp-content\/uploads\/2026\/04\/cosulet_1-1-100x100.png 100w\" sizes=\"(max-width: 300px) 100vw, 300px\" title=\"\"><\/p>\n<h2 class=\"woocommerce-loop-product__title\">Cosulet crosetat<\/h2>\n<p>\t<span class=\"price\"><span class=\"woocommerce-Price-amount amount\" aria-hidden=\"true\"><bdi>95&nbsp;<span class=\"woocommerce-Price-currencySymbol\">lei<\/span><\/bdi><\/span> <span aria-hidden=\"true\">&ndash;<\/span> <span class=\"woocommerce-Price-amount amount\" aria-hidden=\"true\"><bdi>110&nbsp;<span class=\"woocommerce-Price-currencySymbol\">lei<\/span><\/bdi><\/span><span class=\"screen-reader-text\" data-no-translation=\"\" data-trp-gettext=\"\">Price range: 95&nbsp;lei through 110&nbsp;lei<\/span><\/span><br \/>\n<\/a><a href=\"https:\/\/www.w5.ro\/shop\/en\/cosulet-crosetat\/\" aria-describedby=\"woocommerce_loop_add_to_cart_link_describedby_346\" data-quantity=\"1\" class=\"button product_type_variable add_to_cart_button\" data-product_id=\"346\" data-product_sku=\"\" aria-label=\"Select options for \u201cCosulet crosetat\u201d\" rel=\"nofollow\" data-no-translation=\"\" data-trp-gettext=\"\" data-no-translation-aria-label=\"\">Select options<\/a>\t<span id=\"woocommerce_loop_add_to_cart_link_describedby_346\" class=\"screen-reader-text\"><br \/>\n\t\tThis product has multiple variants. The options may be chosen on the product page\t<\/span>\n<\/li>\n<li class=\"product type-product post-341 status-publish onbackorder product_cat-decoratiuni-de-paste product_cat-cosulete-crosetate product_tag-cosulet-paste product_tag-iepuras product_tag-paste has-post-thumbnail sale featured shipping-taxable purchasable product-type-simple\">\n\t<a href=\"https:\/\/www.w5.ro\/shop\/en\/cosulet-crosetat-cu-decor-iepuras\/\" class=\"woocommerce-LoopProduct-link woocommerce-loop-product__link\"><br \/>\n\t<span class=\"onsale\" data-shape=\"type-2\">SALE<\/span><br \/>\n\t<img decoding=\"async\" width=\"300\" height=\"300\" src=\"https:\/\/www.w5.ro\/shop\/wp-content\/uploads\/2026\/04\/iepure1_v1-300x300.jpg\" class=\"attachment-woocommerce_thumbnail size-woocommerce_thumbnail\" alt=\"Cosulet crosetat cu decor iepuras\" srcset=\"https:\/\/www.w5.ro\/shop\/wp-content\/uploads\/2026\/04\/iepure1_v1-300x300.jpg 300w, https:\/\/www.w5.ro\/shop\/wp-content\/uploads\/2026\/04\/iepure1_v1-100x100.jpg 100w, https:\/\/www.w5.ro\/shop\/wp-content\/uploads\/2026\/04\/iepure1_v1-150x150.jpg 150w, https:\/\/www.w5.ro\/shop\/wp-content\/uploads\/2026\/04\/iepure1_v1-500x500.jpg 500w\" sizes=\"(max-width: 300px) 100vw, 300px\" title=\"\"><\/p>\n<h2 class=\"woocommerce-loop-product__title\">Cosulet crosetat cu decor iepuras<\/h2>\n<p>\t<span class=\"price\"><span class=\"sale-price\"><del aria-hidden=\"true\"><span class=\"woocommerce-Price-amount amount\"><bdi>120&nbsp;<span class=\"woocommerce-Price-currencySymbol\">lei<\/span><\/bdi><\/span><\/del> <span class=\"screen-reader-text\" data-no-translation=\"\" data-trp-gettext=\"\">Original price was: 120&nbsp;lei.<\/span><ins aria-hidden=\"true\"><span class=\"woocommerce-Price-amount amount\"><bdi>95&nbsp;<span class=\"woocommerce-Price-currencySymbol\">lei<\/span><\/bdi><\/span><\/ins><span class=\"screen-reader-text\" data-no-translation=\"\" data-trp-gettext=\"\">Current price is: 95&nbsp;lei.<\/span><\/span><\/span><br \/>\n<\/a><a href=\"\/shop\/en\/wp-json\/wp\/v2\/pages\/416?add-to-cart=341\" aria-describedby=\"woocommerce_loop_add_to_cart_link_describedby_341\" data-quantity=\"1\" class=\"button product_type_simple add_to_cart_button ajax_add_to_cart\" data-product_id=\"341\" data-product_sku=\"\" aria-label=\"Add to cart: \u201cCosulet crosetat cu decor iepuras\u201d\" rel=\"nofollow\" data-success_message=\"\u201cCosulet crosetat cu decor iepuras\u201d has been added to your cart\" role=\"button\" data-no-translation=\"\" data-trp-gettext=\"\" data-no-translation-aria-label=\"\" data-no-translation-data-success_message=\"\">Add to cart<\/a>\t<span id=\"woocommerce_loop_add_to_cart_link_describedby_341\" class=\"screen-reader-text\"><br \/>\n\t\t\t<\/span>\n<\/li>\n<li class=\"product type-product post-327 status-publish instock product_cat-jucarii-crosetate product_cat-decoratiuni-de-paste product_tag-iepuras product_tag-jucarii-crosetate has-post-thumbnail sale featured shipping-taxable purchasable product-type-simple\">\n\t<a href=\"https:\/\/www.w5.ro\/shop\/en\/iepuras-crosetat-3\/\" class=\"woocommerce-LoopProduct-link woocommerce-loop-product__link\"><br \/>\n\t<span class=\"onsale\" data-shape=\"type-2\">SALE<\/span><br \/>\n\t<img decoding=\"async\" width=\"300\" height=\"300\" src=\"https:\/\/www.w5.ro\/shop\/wp-content\/uploads\/2026\/03\/iepure_1_v1-300x300.jpg\" class=\"attachment-woocommerce_thumbnail size-woocommerce_thumbnail\" alt=\"Juc\u0103rie cro\u0219etat\u0103 iepura\u0219 pentru copii\" srcset=\"https:\/\/www.w5.ro\/shop\/wp-content\/uploads\/2026\/03\/iepure_1_v1-300x300.jpg 300w, https:\/\/www.w5.ro\/shop\/wp-content\/uploads\/2026\/03\/iepure_1_v1-100x100.jpg 100w, https:\/\/www.w5.ro\/shop\/wp-content\/uploads\/2026\/03\/iepure_1_v1-150x150.jpg 150w, https:\/\/www.w5.ro\/shop\/wp-content\/uploads\/2026\/03\/iepure_1_v1-500x500.jpg 500w\" sizes=\"(max-width: 300px) 100vw, 300px\" title=\"\"><\/p>\n<h2 class=\"woocommerce-loop-product__title\">Iepuras crosetat<\/h2>\n<p>\t<span class=\"price\"><span class=\"sale-price\"><del aria-hidden=\"true\"><span class=\"woocommerce-Price-amount amount\"><bdi>150&nbsp;<span class=\"woocommerce-Price-currencySymbol\">lei<\/span><\/bdi><\/span><\/del> <span class=\"screen-reader-text\" data-no-translation=\"\" data-trp-gettext=\"\">Original price was: 150&nbsp;lei.<\/span><ins aria-hidden=\"true\"><span class=\"woocommerce-Price-amount amount\"><bdi>130&nbsp;<span class=\"woocommerce-Price-currencySymbol\">lei<\/span><\/bdi><\/span><\/ins><span class=\"screen-reader-text\" data-no-translation=\"\" data-trp-gettext=\"\">Current price is: 130&nbsp;lei.<\/span><\/span><\/span><br \/>\n<\/a><a href=\"\/shop\/en\/wp-json\/wp\/v2\/pages\/416?add-to-cart=327\" aria-describedby=\"woocommerce_loop_add_to_cart_link_describedby_327\" data-quantity=\"1\" class=\"button product_type_simple add_to_cart_button ajax_add_to_cart\" data-product_id=\"327\" data-product_sku=\"\" aria-label=\"Add to cart: \u201cIepuras crosetat\u201d\" rel=\"nofollow\" data-success_message=\"\u201cIepuras crosetat\u201d has been added to your cart\" role=\"button\" data-no-translation=\"\" data-trp-gettext=\"\" data-no-translation-aria-label=\"\" data-no-translation-data-success_message=\"\">Add to cart<\/a>\t<span id=\"woocommerce_loop_add_to_cart_link_describedby_327\" class=\"screen-reader-text\"><br \/>\n\t\t\t<\/span>\n<\/li>\n<li class=\"product type-product post-170 status-publish last instock product_cat-cosulete-crosetate product_cat-decoratiuni-de-paste product_tag-aranjament-paste product_tag-cosulet-paste product_tag-decoratiuni-paste product_tag-iepuras has-post-thumbnail sale featured shipping-taxable purchasable product-type-simple\">\n\t<a href=\"https:\/\/www.w5.ro\/shop\/en\/decoratiune-de-paste-iepuras-si-cosulet\/\" class=\"woocommerce-LoopProduct-link woocommerce-loop-product__link\"><br \/>\n\t<span class=\"onsale\" data-shape=\"type-2\">SALE<\/span><br \/>\n\t<img loading=\"lazy\" decoding=\"async\" width=\"300\" height=\"300\" src=\"https:\/\/www.w5.ro\/shop\/wp-content\/uploads\/2025\/03\/IMG-20250319-WA0042-300x300.jpg\" class=\"attachment-woocommerce_thumbnail size-woocommerce_thumbnail\" alt=\"Decoratiune de Paste - Iepuras si Cosulet\" srcset=\"https:\/\/www.w5.ro\/shop\/wp-content\/uploads\/2025\/03\/IMG-20250319-WA0042-300x300.jpg 300w, https:\/\/www.w5.ro\/shop\/wp-content\/uploads\/2025\/03\/IMG-20250319-WA0042-150x150.jpg 150w, https:\/\/www.w5.ro\/shop\/wp-content\/uploads\/2025\/03\/IMG-20250319-WA0042-500x500.jpg 500w, https:\/\/www.w5.ro\/shop\/wp-content\/uploads\/2025\/03\/IMG-20250319-WA0042-100x100.jpg 100w\" sizes=\"(max-width: 300px) 100vw, 300px\" title=\"\"><\/p>\n<h2 class=\"woocommerce-loop-product__title\">Decoratiune de Paste &#8211; Iepuras si Cosulet<\/h2>\n<p>\t<span class=\"price\"><span class=\"sale-price\"><del aria-hidden=\"true\"><span class=\"woocommerce-Price-amount amount\"><bdi>190&nbsp;<span class=\"woocommerce-Price-currencySymbol\">lei<\/span><\/bdi><\/span><\/del> <span class=\"screen-reader-text\" data-no-translation=\"\" data-trp-gettext=\"\">Original price was: 190&nbsp;lei.<\/span><ins aria-hidden=\"true\"><span class=\"woocommerce-Price-amount amount\"><bdi>170&nbsp;<span class=\"woocommerce-Price-currencySymbol\">lei<\/span><\/bdi><\/span><\/ins><span class=\"screen-reader-text\" data-no-translation=\"\" data-trp-gettext=\"\">Current price is: 170&nbsp;lei.<\/span><\/span><\/span><br \/>\n<\/a><a href=\"\/shop\/en\/wp-json\/wp\/v2\/pages\/416?add-to-cart=170\" aria-describedby=\"woocommerce_loop_add_to_cart_link_describedby_170\" data-quantity=\"1\" class=\"button product_type_simple add_to_cart_button ajax_add_to_cart\" data-product_id=\"170\" data-product_sku=\"\" aria-label=\"Add to cart: \u201cDecoratiune de Paste - Iepuras si Cosulet\u201d\" rel=\"nofollow\" data-success_message=\"\u201cDecoratiune de Paste - Iepuras si Cosulet\u201d has been added to your cart\" role=\"button\" data-no-translation=\"\" data-trp-gettext=\"\" data-no-translation-aria-label=\"\" data-no-translation-data-success_message=\"\">Add to cart<\/a>\t<span id=\"woocommerce_loop_add_to_cart_link_describedby_170\" class=\"screen-reader-text\"><br \/>\n\t\t\t<\/span>\n<\/li>\n<\/ul>\n<\/div>\n\n<div class=\"wp-block-buttons is-content-justification-right is-layout-flex wp-container-core-buttons-is-layout-d445cf74 wp-block-buttons-is-layout-flex\">\n<div class=\"wp-block-button\"><a class=\"wp-block-button__link wp-element-button\" href=\"https:\/\/www.w5.ro\/shop\/shop\/\">Vezi toate produsele<\/a><\/div>\n<\/div>\n<\/div>\n\n<div class=\"wp-block-group crosetiq-latest is-content-justification-left is-layout-constrained wp-container-core-group-is-layout-12dd3699 wp-block-group-is-layout-constrained\">\n<h2 class=\"wp-block-heading\">Ultimele produse ad\u0103ugate:<\/h2>\n\n<p class=\"has-text-align-left\">Descoper\u0103 cele mai noi produse Crosetiq, ad\u0103ugate recent \u00een magazin.<\/p>\n\n<div class=\"woocommerce columns-4\">\n<ul class=\"products columns-4\" data-products=\"type-2\">\n<li class=\"product type-product post-827 status-publish first instock product_cat-cosulete-crosetate product_tag-albinuta product_tag-cosulet-crosetat has-post-thumbnail sale shipping-taxable purchasable product-type-simple\">\n\t<a href=\"https:\/\/www.w5.ro\/shop\/en\/cosulet-crosetat-model-broscuta\/\" class=\"woocommerce-LoopProduct-link woocommerce-loop-product__link\"><br \/>\n\t<span class=\"onsale\" data-shape=\"type-2\">SALE<\/span><br \/>\n\t<img loading=\"lazy\" decoding=\"async\" width=\"300\" height=\"300\" src=\"https:\/\/www.w5.ro\/shop\/wp-content\/uploads\/2026\/04\/broscuta_01-300x300.jpg\" class=\"attachment-woocommerce_thumbnail size-woocommerce_thumbnail\" alt=\"Co\u0219ule\u021b cro\u0219etat \u2013 model broscu\u021b\u0103\" srcset=\"https:\/\/www.w5.ro\/shop\/wp-content\/uploads\/2026\/04\/broscuta_01-300x300.jpg 300w, https:\/\/www.w5.ro\/shop\/wp-content\/uploads\/2026\/04\/broscuta_01-150x150.jpg 150w, https:\/\/www.w5.ro\/shop\/wp-content\/uploads\/2026\/04\/broscuta_01-12x12.jpg 12w, https:\/\/www.w5.ro\/shop\/wp-content\/uploads\/2026\/04\/broscuta_01-500x500.jpg 500w, https:\/\/www.w5.ro\/shop\/wp-content\/uploads\/2026\/04\/broscuta_01-100x100.jpg 100w\" sizes=\"(max-width: 300px) 100vw, 300px\" title=\"\"><\/p>\n<h2 class=\"woocommerce-loop-product__title\">Co\u0219ule\u021b cro\u0219etat \u2013 model broscu\u021b\u0103<\/h2>\n<p>\t<span class=\"price\"><span class=\"sale-price\"><del aria-hidden=\"true\"><span class=\"woocommerce-Price-amount amount\"><bdi>60&nbsp;<span class=\"woocommerce-Price-currencySymbol\">lei<\/span><\/bdi><\/span><\/del> <span class=\"screen-reader-text\" data-no-translation=\"\" data-trp-gettext=\"\">Original price was: 60&nbsp;lei.<\/span><ins aria-hidden=\"true\"><span class=\"woocommerce-Price-amount amount\"><bdi>50&nbsp;<span class=\"woocommerce-Price-currencySymbol\">lei<\/span><\/bdi><\/span><\/ins><span class=\"screen-reader-text\" data-no-translation=\"\" data-trp-gettext=\"\">Current price is: 50&nbsp;lei.<\/span><\/span><\/span><br \/>\n<\/a><a href=\"\/shop\/en\/wp-json\/wp\/v2\/pages\/416?add-to-cart=827\" aria-describedby=\"woocommerce_loop_add_to_cart_link_describedby_827\" data-quantity=\"1\" class=\"button product_type_simple add_to_cart_button ajax_add_to_cart\" data-product_id=\"827\" data-product_sku=\"\" aria-label=\"Add to cart: \u201cCo\u0219ule\u021b cro\u0219etat \u2013 model broscu\u021b\u0103\u201d\" rel=\"nofollow\" data-success_message=\"\u201cCo\u0219ule\u021b cro\u0219etat \u2013 model broscu\u021b\u0103\u201d has been added to your cart\" role=\"button\" data-no-translation=\"\" data-trp-gettext=\"\" data-no-translation-aria-label=\"\" data-no-translation-data-success_message=\"\">Add to cart<\/a>\t<span id=\"woocommerce_loop_add_to_cart_link_describedby_827\" class=\"screen-reader-text\"><br \/>\n\t\t\t<\/span>\n<\/li>\n<li class=\"product type-product post-824 status-publish instock product_cat-brelocuri product_tag-albinuta product_tag-breloc has-post-thumbnail sale shipping-taxable purchasable product-type-simple\">\n\t<a href=\"https:\/\/www.w5.ro\/shop\/en\/breloc-albinuta\/\" class=\"woocommerce-LoopProduct-link woocommerce-loop-product__link\"><br \/>\n\t<span class=\"onsale\" data-shape=\"type-2\">SALE<\/span><br \/>\n\t<img loading=\"lazy\" decoding=\"async\" width=\"300\" height=\"300\" src=\"https:\/\/www.w5.ro\/shop\/wp-content\/uploads\/2026\/04\/albinuta_breloc-300x300.jpg\" class=\"attachment-woocommerce_thumbnail size-woocommerce_thumbnail\" alt=\"breloc albinuta crosetat\" srcset=\"https:\/\/www.w5.ro\/shop\/wp-content\/uploads\/2026\/04\/albinuta_breloc-300x300.jpg 300w, https:\/\/www.w5.ro\/shop\/wp-content\/uploads\/2026\/04\/albinuta_breloc-150x150.jpg 150w, https:\/\/www.w5.ro\/shop\/wp-content\/uploads\/2026\/04\/albinuta_breloc-500x500.jpg 500w, https:\/\/www.w5.ro\/shop\/wp-content\/uploads\/2026\/04\/albinuta_breloc-100x100.jpg 100w\" sizes=\"(max-width: 300px) 100vw, 300px\" title=\"\"><\/p>\n<h2 class=\"woocommerce-loop-product__title\">Breloc albinu\u021b\u0103<\/h2>\n<p>\t<span class=\"price\"><span class=\"sale-price\"><del aria-hidden=\"true\"><span class=\"woocommerce-Price-amount amount\"><bdi>35&nbsp;<span class=\"woocommerce-Price-currencySymbol\">lei<\/span><\/bdi><\/span><\/del> <span class=\"screen-reader-text\" data-no-translation=\"\" data-trp-gettext=\"\">Original price was: 35&nbsp;lei.<\/span><ins aria-hidden=\"true\"><span class=\"woocommerce-Price-amount amount\"><bdi>30&nbsp;<span class=\"woocommerce-Price-currencySymbol\">lei<\/span><\/bdi><\/span><\/ins><span class=\"screen-reader-text\" data-no-translation=\"\" data-trp-gettext=\"\">Current price is: 30&nbsp;lei.<\/span><\/span><\/span><br \/>\n<\/a><a href=\"\/shop\/en\/wp-json\/wp\/v2\/pages\/416?add-to-cart=824\" aria-describedby=\"woocommerce_loop_add_to_cart_link_describedby_824\" data-quantity=\"1\" class=\"button product_type_simple add_to_cart_button ajax_add_to_cart\" data-product_id=\"824\" data-product_sku=\"\" aria-label=\"Add to cart: \u201cBreloc albinu\u021b\u0103\u201d\" rel=\"nofollow\" data-success_message=\"\u201cBreloc albinu\u021b\u0103\u201d has been added to your cart\" role=\"button\" data-no-translation=\"\" data-trp-gettext=\"\" data-no-translation-aria-label=\"\" data-no-translation-data-success_message=\"\">Add to cart<\/a>\t<span id=\"woocommerce_loop_add_to_cart_link_describedby_824\" class=\"screen-reader-text\"><br \/>\n\t\t\t<\/span>\n<\/li>\n<li class=\"product type-product post-816 status-publish instock product_cat-cosulete-crosetate product_tag-albinuta product_tag-cosulet-crosetat has-post-thumbnail sale shipping-taxable purchasable product-type-simple\">\n\t<a href=\"https:\/\/www.w5.ro\/shop\/en\/cosulet-crosetat-model-albinuta\/\" class=\"woocommerce-LoopProduct-link woocommerce-loop-product__link\"><br \/>\n\t<span class=\"onsale\" data-shape=\"type-2\">SALE<\/span><br \/>\n\t<img loading=\"lazy\" decoding=\"async\" width=\"300\" height=\"300\" src=\"https:\/\/www.w5.ro\/shop\/wp-content\/uploads\/2026\/04\/cosulet_albinuta_crosetat-300x300.jpg\" class=\"attachment-woocommerce_thumbnail size-woocommerce_thumbnail\" alt=\"cosulet albinuta crosetat\" srcset=\"https:\/\/www.w5.ro\/shop\/wp-content\/uploads\/2026\/04\/cosulet_albinuta_crosetat-300x300.jpg 300w, https:\/\/www.w5.ro\/shop\/wp-content\/uploads\/2026\/04\/cosulet_albinuta_crosetat-150x150.jpg 150w, https:\/\/www.w5.ro\/shop\/wp-content\/uploads\/2026\/04\/cosulet_albinuta_crosetat-500x500.jpg 500w, https:\/\/www.w5.ro\/shop\/wp-content\/uploads\/2026\/04\/cosulet_albinuta_crosetat-100x100.jpg 100w\" sizes=\"(max-width: 300px) 100vw, 300px\" title=\"\"><\/p>\n<h2 class=\"woocommerce-loop-product__title\">Co\u0219ule\u021b cro\u0219etat \u2013 model albinu\u021b\u0103<\/h2>\n<p>\t<span class=\"price\"><span class=\"sale-price\"><del aria-hidden=\"true\"><span class=\"woocommerce-Price-amount amount\"><bdi>60&nbsp;<span class=\"woocommerce-Price-currencySymbol\">lei<\/span><\/bdi><\/span><\/del> <span class=\"screen-reader-text\" data-no-translation=\"\" data-trp-gettext=\"\">Original price was: 60&nbsp;lei.<\/span><ins aria-hidden=\"true\"><span class=\"woocommerce-Price-amount amount\"><bdi>50&nbsp;<span class=\"woocommerce-Price-currencySymbol\">lei<\/span><\/bdi><\/span><\/ins><span class=\"screen-reader-text\" data-no-translation=\"\" data-trp-gettext=\"\">Current price is: 50&nbsp;lei.<\/span><\/span><\/span><br \/>\n<\/a><a href=\"\/shop\/en\/wp-json\/wp\/v2\/pages\/416?add-to-cart=816\" aria-describedby=\"woocommerce_loop_add_to_cart_link_describedby_816\" data-quantity=\"1\" class=\"button product_type_simple add_to_cart_button ajax_add_to_cart\" data-product_id=\"816\" data-product_sku=\"\" aria-label=\"Add to cart: \u201cCo\u0219ule\u021b cro\u0219etat \u2013 model albinu\u021b\u0103\u201d\" rel=\"nofollow\" data-success_message=\"\u201cCo\u0219ule\u021b cro\u0219etat \u2013 model albinu\u021b\u0103\u201d has been added to your cart\" role=\"button\" data-no-translation=\"\" data-trp-gettext=\"\" data-no-translation-aria-label=\"\" data-no-translation-data-success_message=\"\">Add to cart<\/a>\t<span id=\"woocommerce_loop_add_to_cart_link_describedby_816\" class=\"screen-reader-text\"><br \/>\n\t\t\t<\/span>\n<\/li>\n<li class=\"product type-product post-799 status-publish last onbackorder product_cat-jucarii-crosetate product_cat-brelocuri product_tag-breloc product_tag-pisicuta has-post-thumbnail sale shipping-taxable purchasable product-type-simple\">\n\t<a href=\"https:\/\/www.w5.ro\/shop\/en\/pisicuta-crosetata\/\" class=\"woocommerce-LoopProduct-link woocommerce-loop-product__link\"><br \/>\n\t<span class=\"onsale\" data-shape=\"type-2\">SALE<\/span><br \/>\n\t<img loading=\"lazy\" decoding=\"async\" width=\"300\" height=\"300\" src=\"https:\/\/www.w5.ro\/shop\/wp-content\/uploads\/2026\/04\/pisicuta-300x300.png\" class=\"attachment-woocommerce_thumbnail size-woocommerce_thumbnail\" alt=\"pisicuta crosetata\" srcset=\"https:\/\/www.w5.ro\/shop\/wp-content\/uploads\/2026\/04\/pisicuta-300x300.png 300w, https:\/\/www.w5.ro\/shop\/wp-content\/uploads\/2026\/04\/pisicuta-150x150.png 150w, https:\/\/www.w5.ro\/shop\/wp-content\/uploads\/2026\/04\/pisicuta-500x500.png 500w, https:\/\/www.w5.ro\/shop\/wp-content\/uploads\/2026\/04\/pisicuta-100x100.png 100w\" sizes=\"(max-width: 300px) 100vw, 300px\" title=\"\"><\/p>\n<h2 class=\"woocommerce-loop-product__title\">Pisicu\u021b\u0103 cro\u0219etat\u0103<\/h2>\n<p>\t<span class=\"price\"><span class=\"sale-price\"><del aria-hidden=\"true\"><span class=\"woocommerce-Price-amount amount\"><bdi>25&nbsp;<span class=\"woocommerce-Price-currencySymbol\">lei<\/span><\/bdi><\/span><\/del> <span class=\"screen-reader-text\" data-no-translation=\"\" data-trp-gettext=\"\">Original price was: 25&nbsp;lei.<\/span><ins aria-hidden=\"true\"><span class=\"woocommerce-Price-amount amount\"><bdi>20&nbsp;<span class=\"woocommerce-Price-currencySymbol\">lei<\/span><\/bdi><\/span><\/ins><span class=\"screen-reader-text\" data-no-translation=\"\" data-trp-gettext=\"\">Current price is: 20&nbsp;lei.<\/span><\/span><\/span><br \/>\n<\/a><a href=\"\/shop\/en\/wp-json\/wp\/v2\/pages\/416?add-to-cart=799\" aria-describedby=\"woocommerce_loop_add_to_cart_link_describedby_799\" data-quantity=\"1\" class=\"button product_type_simple add_to_cart_button ajax_add_to_cart\" data-product_id=\"799\" data-product_sku=\"\" aria-label=\"Add to cart: \u201cPisicu\u021b\u0103 cro\u0219etat\u0103\u201d\" rel=\"nofollow\" data-success_message=\"\u201cPisicu\u021b\u0103 cro\u0219etat\u0103\u201d has been added to your cart\" role=\"button\" data-no-translation=\"\" data-trp-gettext=\"\" data-no-translation-aria-label=\"\" data-no-translation-data-success_message=\"\">Add to cart<\/a>\t<span id=\"woocommerce_loop_add_to_cart_link_describedby_799\" class=\"screen-reader-text\"><br \/>\n\t\t\t<\/span>\n<\/li>\n<\/ul>\n<\/div>\n\n<div class=\"wp-block-buttons is-content-justification-right is-layout-flex wp-container-core-buttons-is-layout-d445cf74 wp-block-buttons-is-layout-flex\">\n<div class=\"wp-block-button\"><a class=\"wp-block-button__link wp-element-button\" href=\"https:\/\/www.w5.ro\/shop\/ro\/shop\/\">Vezi toate produsele<\/a><\/div>\n<\/div>\n<\/div>\n\n<div class=\"wp-block-group crosetiq-trust is-layout-constrained wp-block-group-is-layout-constrained\">\n<h2 class=\"wp-block-heading\">De ce s\u0103 alegi Crosetiq?<\/h2>\n\n<div class=\"wp-block-columns crosetiq-trust-cols is-layout-flex wp-container-core-columns-is-layout-28f84493 wp-block-columns-is-layout-flex\">\n<div class=\"wp-block-column crosetiq-trust-card is-layout-flow wp-block-column-is-layout-flow\">\n<h2 class=\"wp-block-heading\">Lucrate manual<\/h2>\n\n<p>Fiecare produs este realizat manual, cu aten\u021bie la detalii \u0219i grij\u0103 pentru calitate.<\/p>\n<\/div>\n\n<div class=\"wp-block-column crosetiq-trust-card is-layout-flow wp-block-column-is-layout-flow\">\n<h2 class=\"wp-block-heading\">Idei de cadou<\/h2>\n\n<p>Produse unice, perfecte pentru copii, anivers\u0103ri \u0219i ocazii speciale.<\/p>\n<\/div>\n\n<div class=\"wp-block-column crosetiq-trust-card is-layout-flow wp-block-column-is-layout-flow\">\n<h2 class=\"wp-block-heading\">Comand\u0103 u\u0219or<\/h2>\n\n<p>Po\u021bi comanda rapid online sau ne po\u021bi scrie direct pentru detalii \u0219i personaliz\u0103ri.<\/p>\n\n<p>\u00a0<\/p>\n<\/div>\n<\/div>\n<\/div>\n\n<p class=\"crosetiq-trust\">\u00a0<\/p>\n\n<p>\u00a0<\/p>\n\t\t\t\t\t\t\t\t<\/div>\n\t\t\t\t<\/div>\n\t\t\t\t\t<\/div>\n\t\t\t\t<\/div>\n\t\t\t\t<\/div>","protected":false},"excerpt":{"rendered":"<p>Crosetiq \u2013 juc\u0103rii cro\u0219etate handmade \u0219i decora\u021biuni La Crosetiq g\u0103se\u0219ti produse lucrate manual, create cu grij\u0103 pentru copii, cadouri speciale \u0219i momente frumoase. Fiecare produs este realizat cu aten\u021bie la detalii, \u00eentr-un stil cald \u0219i delicat. Produse recomandate: Am ales c\u00e2teva dintre produsele noastre preferate, potrivite pentru cadouri \u0219i decoruri handmade. Ultimele produse ad\u0103ugate: Descoper\u0103 [&hellip;]<\/p>\n","protected":false},"author":1,"featured_media":0,"parent":0,"menu_order":0,"comment_status":"closed","ping_status":"closed","template":"","meta":{"footnotes":""},"class_list":["post-416","page","type-page","status-publish","hentry"],"blocksy_meta":[],"_links":{"self":[{"href":"https:\/\/www.w5.ro\/shop\/en\/wp-json\/wp\/v2\/pages\/416","targetHints":{"allow":["GET"]}}],"collection":[{"href":"https:\/\/www.w5.ro\/shop\/en\/wp-json\/wp\/v2\/pages"}],"about":[{"href":"https:\/\/www.w5.ro\/shop\/en\/wp-json\/wp\/v2\/types\/page"}],"author":[{"embeddable":true,"href":"https:\/\/www.w5.ro\/shop\/en\/wp-json\/wp\/v2\/users\/1"}],"replies":[{"embeddable":true,"href":"https:\/\/www.w5.ro\/shop\/en\/wp-json\/wp\/v2\/comments?post=416"}],"version-history":[{"count":51,"href":"https:\/\/www.w5.ro\/shop\/en\/wp-json\/wp\/v2\/pages\/416\/revisions"}],"predecessor-version":[{"id":814,"href":"https:\/\/www.w5.ro\/shop\/en\/wp-json\/wp\/v2\/pages\/416\/revisions\/814"}],"wp:attachment":[{"href":"https:\/\/www.w5.ro\/shop\/en\/wp-json\/wp\/v2\/media?parent=416"}],"curies":[{"name":"wp","href":"https:\/\/api.w.org\/{rel}","templated":true}]}}