{"id":1028,"date":"2026-05-07T15:29:42","date_gmt":"2026-05-07T12:29:42","guid":{"rendered":"https:\/\/www.w5.ro\/shop\/?post_type=product&#038;p=1028"},"modified":"2026-05-07T15:30:39","modified_gmt":"2026-05-07T12:30:39","slug":"bufnita-crosetata-breloc-de-absolvire","status":"publish","type":"product","link":"https:\/\/www.w5.ro\/shop\/en\/bufnita-crosetata-breloc-de-absolvire\/","title":{"rendered":"Bufni\u021b\u0103 cro\u0219etat\u0103 \u2013 breloc de absolvire"},"content":{"rendered":"<p><strong>Caracteristici:<\/strong><\/p>\n<ul>\n<li><strong>Materiale de calitate:<\/strong>\n<ul>\n<li>Compozitie fir: 50% bumbac, 50% acril<\/li>\n<li>Umplutura hipoalergenica<\/li>\n<li>Accesorii (ochisori) cu dispozitiv de siguranta<\/li>\n<\/ul>\n<\/li>\n<li><strong>Dimensiune ideala:<\/strong> aproximativ 7 cm<\/li>\n<li><strong>Design unic:<\/strong> Fiecare piesa este crosetata manual, ceea ce inseamna ca este unica in felul sau.<\/li>\n<li><strong>Culoare:<\/strong>\u00a0nuantele culorilor pot diferi putin in realitate in functie de setarile ecranului dvs.<\/li>\n<li><strong>Siguranta:<\/strong>\u00a0pentru copii sub 3 ani se recomanda atenta supraveghere a unui adult.<\/li>\n<li><strong>Intretinere usoara:<\/strong>\u00a0Poate fi spalata manual, dar si in masina de spalat la un program delicat, la maxim 30\u02da C, pastrandu-si frumusetea si textura.<\/li>\n<\/ul>","protected":false},"excerpt":{"rendered":"<p class=\"xdj266r x14z9mp xat24cr x1lziwak x16tdsg8\">Simbol al \u00een\u021belepciunii \u0219i al noilor \u00eenceputuri, aceast\u0103 bufni\u021b\u0103 cro\u0219etat\u0103 cu toca de absolvire este un cadou adorabil pentru finalul unui an special.<\/p>\n<p class=\"xdj266r x14z9mp xat24cr x1lziwak x16tdsg8\">Mic\u0103, simpatic\u0103 \u0219i realizat\u0103 manual cu grij\u0103, poate fi purtat\u0103 ca breloc la chei, ghiozdan sau geant\u0103 \u0219i r\u0103m\u00e2ne o amintire frumoas\u0103 pentru orice absolvent.<\/p>\n<p class=\"xdj266r x14z9mp xat24cr x1lziwak x16tdsg8\">\ud83c\udf81 Ideal\u0103 pentru:<br \/>\n\u2714 absolvire gr\u0103dini\u021b\u0103<br \/>\n\u2714 absolvire \u0219coal\u0103 sau liceu<br \/>\n\u2714 cadou simbolic pentru copii \u0219i adolescen\u021bi<\/p>\n<p>Pentru produs personalizat \u00een culorile dorite v\u0103 rug\u0103m s\u0103 ne contacta\u021bi la sec\u021biunea <a href=\"https:\/\/www.w5.ro\/shop\/contact\/\">contact<\/a> \u0219i v\u0103 putem realiza produsul conform specifica\u021biilor.<\/p>","protected":false},"featured_media":1031,"comment_status":"open","ping_status":"closed","template":"","meta":[],"product_brand":[],"product_cat":[30],"product_tag":[31,48],"class_list":{"0":"post-1028","1":"product","2":"type-product","3":"status-publish","4":"has-post-thumbnail","6":"product_cat-brelocuri","7":"product_tag-breloc","8":"product_tag-bufnita","10":"first","11":"instock","12":"sale","13":"shipping-taxable","14":"purchasable","15":"product-type-simple"},"_links":{"self":[{"href":"https:\/\/www.w5.ro\/shop\/en\/wp-json\/wp\/v2\/product\/1028","targetHints":{"allow":["GET"]}}],"collection":[{"href":"https:\/\/www.w5.ro\/shop\/en\/wp-json\/wp\/v2\/product"}],"about":[{"href":"https:\/\/www.w5.ro\/shop\/en\/wp-json\/wp\/v2\/types\/product"}],"replies":[{"embeddable":true,"href":"https:\/\/www.w5.ro\/shop\/en\/wp-json\/wp\/v2\/comments?post=1028"}],"wp:featuredmedia":[{"embeddable":true,"href":"https:\/\/www.w5.ro\/shop\/en\/wp-json\/wp\/v2\/media\/1031"}],"wp:attachment":[{"href":"https:\/\/www.w5.ro\/shop\/en\/wp-json\/wp\/v2\/media?parent=1028"}],"wp:term":[{"taxonomy":"product_brand","embeddable":true,"href":"https:\/\/www.w5.ro\/shop\/en\/wp-json\/wp\/v2\/product_brand?post=1028"},{"taxonomy":"product_cat","embeddable":true,"href":"https:\/\/www.w5.ro\/shop\/en\/wp-json\/wp\/v2\/product_cat?post=1028"},{"taxonomy":"product_tag","embeddable":true,"href":"https:\/\/www.w5.ro\/shop\/en\/wp-json\/wp\/v2\/product_tag?post=1028"}],"curies":[{"name":"wp","href":"https:\/\/api.w.org\/{rel}","templated":true}]}}