{"id":662,"date":"2026-04-17T15:49:54","date_gmt":"2026-04-17T12:49:54","guid":{"rendered":"https:\/\/www.w5.ro\/shop\/?post_type=product&#038;p=662"},"modified":"2026-04-17T16:03:57","modified_gmt":"2026-04-17T13:03:57","slug":"cosulet-crosetat-model-ursulet","status":"publish","type":"product","link":"https:\/\/www.w5.ro\/shop\/en\/product\/cosulet-crosetat-model-ursulet\/","title":{"rendered":"Co\u0219ule\u021b cro\u0219etat \u2013 model ursule\u021b"},"content":{"rendered":"<p><strong>Caracteristici:<\/strong><\/p>\n<ul>\n<li><strong>Materiale de calitate:<\/strong>\n<ul>\n<li>Compozitie: combinatie de bumbac si acril<\/li>\n<li>Accesorii (ochisori, nas) cu dispozitiv de siguranta<\/li>\n<\/ul>\n<\/li>\n<li><strong>Dimensiune perfecta:<\/strong>\u00a0Usor de integrat in orice decor, aceasta decoratiune poate fi asezata pe masa, raft sau in colturile dragute ale casei tale.\n<ul>\n<li>Inaltime totala: aproximativ\u00a0 7 cm<\/li>\n<li>Diametru cosulet: aproximativ\u00a0 9 cm<\/li>\n<\/ul>\n<\/li>\n<\/ul>\n<p><strong>Beneficii:<\/strong><\/p>\n<ul>\n<li>Un obiect simplu, dar cu farmec \u2014 care transform\u0103 orice cadou \u00eentr-unul memorabil<\/li>\n<li>Este o piesa unica, realizata manual, care aduce o nota personalizata oricarui decor.<\/li>\n<\/ul>","protected":false},"excerpt":{"rendered":"<p data-start=\"555\" data-end=\"781\">Co\u0219ule\u021bele cro\u0219etate \u00een form\u0103 de anim\u0103lu\u021b sunt create pentru a aduce un strop de bucurie \u00een orice cadou<\/p>\n<p data-start=\"555\" data-end=\"781\">Pot fi folosite pentru:<\/p>\n<ul>\n<li>\u00a0dulciuri<\/li>\n<li>\u00a0mici juc\u0103rii<\/li>\n<li>\u00a0cadouri speciale pentru copii<\/li>\n<\/ul>\n<p>Pentru produs personalizat \u00een culorile dorite v\u0103 rug\u0103m s\u0103 ne contacta\u021bi la sectiunea <a href=\"\u201d\">contact<\/a> \u0219i v\u0103 putem realiza produsul conform specifica\u021biilor.<\/p>","protected":false},"featured_media":666,"comment_status":"open","ping_status":"closed","template":"","meta":[],"product_brand":[],"product_cat":[41],"product_tag":[42],"class_list":{"0":"post-662","1":"product","2":"type-product","3":"status-publish","4":"has-post-thumbnail","6":"product_cat-cosulete-crosetate","7":"product_tag-cosulet-crosetat","9":"first","10":"instock","11":"sale","12":"shipping-taxable","13":"purchasable","14":"product-type-simple"},"yoast_head":"<!-- This site is optimized with the Yoast SEO plugin v27.4 - https:\/\/yoast.com\/product\/yoast-seo-wordpress\/ -->\n<title>Co\u0219ule\u021b cro\u0219etat \u2013 model ursule\u021b - Crosetiq<\/title>\n<meta name=\"description\" content=\"Co\u0219ule\u021bele cro\u0219etate \u00een form\u0103 de anim\u0103lu\u021b sunt create pentru a aduce un strop de bucurie \u00een orice cadouPot fi folosite pentru: dulciuri mici juc\u0103rii cadouri speciale pentru copii\" \/>\n<meta name=\"robots\" content=\"index, follow, max-snippet:-1, max-image-preview:large, max-video-preview:-1\" \/>\n<link rel=\"canonical\" href=\"https:\/\/www.w5.ro\/shop\/en\/product\/cosulet-crosetat-model-ursulet\/\" \/>\n<meta property=\"og:locale\" content=\"en_US\" \/>\n<meta property=\"og:type\" content=\"article\" \/>\n<meta property=\"og:title\" content=\"Co\u0219ule\u021b cro\u0219etat \u2013 model ursule\u021b - Crosetiq\" \/>\n<meta property=\"og:description\" content=\"Co\u0219ule\u021bele cro\u0219etate \u00een form\u0103 de anim\u0103lu\u021b sunt create pentru a aduce un strop de bucurie \u00een orice cadouPot fi folosite pentru: dulciuri mici juc\u0103rii cadouri speciale pentru copii\" \/>\n<meta property=\"og:url\" content=\"https:\/\/www.w5.ro\/shop\/en\/product\/cosulet-crosetat-model-ursulet\/\" \/>\n<meta property=\"og:site_name\" content=\"Crosetiq\" \/>\n<meta property=\"article:publisher\" content=\"https:\/\/www.facebook.com\/profile.php?id=61575106282959\" \/>\n<meta property=\"article:modified_time\" content=\"2026-04-17T13:03:57+00:00\" \/>\n<meta property=\"og:image\" content=\"https:\/\/www.w5.ro\/shop\/wp-content\/uploads\/2026\/04\/cosulet_urs_3-771x1024.png\" \/>\n\t<meta property=\"og:image:width\" content=\"771\" \/>\n\t<meta property=\"og:image:height\" content=\"1024\" \/>\n\t<meta property=\"og:image:type\" content=\"image\/png\" \/>\n<meta name=\"twitter:card\" content=\"summary_large_image\" \/>\n<meta name=\"twitter:label1\" content=\"Est. reading time\" \/>\n\t<meta name=\"twitter:data1\" content=\"1 minute\" \/>\n<script type=\"application\/ld+json\" class=\"yoast-schema-graph\">{\"@context\":\"https:\\\/\\\/schema.org\",\"@graph\":[{\"@type\":\"WebPage\",\"@id\":\"https:\\\/\\\/www.w5.ro\\\/shop\\\/product\\\/cosulet-crosetat-model-ursulet\\\/\",\"url\":\"https:\\\/\\\/www.w5.ro\\\/shop\\\/product\\\/cosulet-crosetat-model-ursulet\\\/\",\"name\":\"Co\u0219ule\u021b cro\u0219etat \u2013 model ursule\u021b - Crosetiq\",\"isPartOf\":{\"@id\":\"https:\\\/\\\/www.w5.ro\\\/shop\\\/#website\"},\"primaryImageOfPage\":{\"@id\":\"https:\\\/\\\/www.w5.ro\\\/shop\\\/product\\\/cosulet-crosetat-model-ursulet\\\/#primaryimage\"},\"image\":{\"@id\":\"https:\\\/\\\/www.w5.ro\\\/shop\\\/product\\\/cosulet-crosetat-model-ursulet\\\/#primaryimage\"},\"thumbnailUrl\":\"https:\\\/\\\/www.w5.ro\\\/shop\\\/wp-content\\\/uploads\\\/2026\\\/04\\\/cosulet_urs_3.png\",\"datePublished\":\"2026-04-17T12:49:54+00:00\",\"dateModified\":\"2026-04-17T13:03:57+00:00\",\"description\":\"Co\u0219ule\u021bele cro\u0219etate \u00een form\u0103 de anim\u0103lu\u021b sunt create pentru a aduce un strop de bucurie \u00een orice cadouPot fi folosite pentru: dulciuri mici juc\u0103rii cadouri speciale pentru copii\",\"breadcrumb\":{\"@id\":\"https:\\\/\\\/www.w5.ro\\\/shop\\\/product\\\/cosulet-crosetat-model-ursulet\\\/#breadcrumb\"},\"inLanguage\":\"en-US\",\"potentialAction\":[{\"@type\":\"ReadAction\",\"target\":[\"https:\\\/\\\/www.w5.ro\\\/shop\\\/product\\\/cosulet-crosetat-model-ursulet\\\/\"]}]},{\"@type\":\"ImageObject\",\"inLanguage\":\"en-US\",\"@id\":\"https:\\\/\\\/www.w5.ro\\\/shop\\\/product\\\/cosulet-crosetat-model-ursulet\\\/#primaryimage\",\"url\":\"https:\\\/\\\/www.w5.ro\\\/shop\\\/wp-content\\\/uploads\\\/2026\\\/04\\\/cosulet_urs_3.png\",\"contentUrl\":\"https:\\\/\\\/www.w5.ro\\\/shop\\\/wp-content\\\/uploads\\\/2026\\\/04\\\/cosulet_urs_3.png\",\"width\":1500,\"height\":1992,\"caption\":\"Co\u0219ule\u021b cro\u0219etat ursulet\"},{\"@type\":\"BreadcrumbList\",\"@id\":\"https:\\\/\\\/www.w5.ro\\\/shop\\\/product\\\/cosulet-crosetat-model-ursulet\\\/#breadcrumb\",\"itemListElement\":[{\"@type\":\"ListItem\",\"position\":1,\"name\":\"Home\",\"item\":\"https:\\\/\\\/www.w5.ro\\\/shop\\\/\"},{\"@type\":\"ListItem\",\"position\":2,\"name\":\"Categorii\",\"item\":\"https:\\\/\\\/www.w5.ro\\\/shop\\\/shop\\\/\"},{\"@type\":\"ListItem\",\"position\":3,\"name\":\"Co\u0219ule\u021b cro\u0219etat \u2013 model ursule\u021b\"}]},{\"@type\":\"WebSite\",\"@id\":\"https:\\\/\\\/www.w5.ro\\\/shop\\\/#website\",\"url\":\"https:\\\/\\\/www.w5.ro\\\/shop\\\/\",\"name\":\"Shop W5\",\"description\":\"Crosetiq \u2013 juc\u0103rii cro\u0219etate \u0219i decora\u021biuni handmade\",\"publisher\":{\"@id\":\"https:\\\/\\\/www.w5.ro\\\/shop\\\/#organization\"},\"potentialAction\":[{\"@type\":\"SearchAction\",\"target\":{\"@type\":\"EntryPoint\",\"urlTemplate\":\"https:\\\/\\\/www.w5.ro\\\/shop\\\/?s={search_term_string}\"},\"query-input\":{\"@type\":\"PropertyValueSpecification\",\"valueRequired\":true,\"valueName\":\"search_term_string\"}}],\"inLanguage\":\"en-US\"},{\"@type\":\"Organization\",\"@id\":\"https:\\\/\\\/www.w5.ro\\\/shop\\\/#organization\",\"name\":\"Shop W5\",\"url\":\"https:\\\/\\\/www.w5.ro\\\/shop\\\/\",\"logo\":{\"@type\":\"ImageObject\",\"inLanguage\":\"en-US\",\"@id\":\"https:\\\/\\\/www.w5.ro\\\/shop\\\/#\\\/schema\\\/logo\\\/image\\\/\",\"url\":\"https:\\\/\\\/www.w5.ro\\\/shop\\\/wp-content\\\/uploads\\\/2026\\\/03\\\/logo1_transparent-onlineshop.png\",\"contentUrl\":\"https:\\\/\\\/www.w5.ro\\\/shop\\\/wp-content\\\/uploads\\\/2026\\\/03\\\/logo1_transparent-onlineshop.png\",\"width\":1024,\"height\":1024,\"caption\":\"Shop W5\"},\"image\":{\"@id\":\"https:\\\/\\\/www.w5.ro\\\/shop\\\/#\\\/schema\\\/logo\\\/image\\\/\"},\"sameAs\":[\"https:\\\/\\\/www.facebook.com\\\/profile.php?id=61575106282959\"]}]}<\/script>\n<!-- \/ Yoast SEO plugin. -->","yoast_head_json":{"title":"Co\u0219ule\u021b cro\u0219etat \u2013 model ursule\u021b - Crosetiq","description":"Co\u0219ule\u021bele cro\u0219etate \u00een form\u0103 de anim\u0103lu\u021b sunt create pentru a aduce un strop de bucurie \u00een orice cadouPot fi folosite pentru: dulciuri mici juc\u0103rii cadouri speciale pentru copii","robots":{"index":"index","follow":"follow","max-snippet":"max-snippet:-1","max-image-preview":"max-image-preview:large","max-video-preview":"max-video-preview:-1"},"canonical":"https:\/\/www.w5.ro\/shop\/en\/product\/cosulet-crosetat-model-ursulet\/","og_locale":"en_US","og_type":"article","og_title":"Co\u0219ule\u021b cro\u0219etat \u2013 model ursule\u021b - Crosetiq","og_description":"Co\u0219ule\u021bele cro\u0219etate \u00een form\u0103 de anim\u0103lu\u021b sunt create pentru a aduce un strop de bucurie \u00een orice cadouPot fi folosite pentru: dulciuri mici juc\u0103rii cadouri speciale pentru copii","og_url":"https:\/\/www.w5.ro\/shop\/en\/product\/cosulet-crosetat-model-ursulet\/","og_site_name":"Crosetiq","article_publisher":"https:\/\/www.facebook.com\/profile.php?id=61575106282959","article_modified_time":"2026-04-17T13:03:57+00:00","og_image":[{"width":771,"height":1024,"url":"https:\/\/www.w5.ro\/shop\/wp-content\/uploads\/2026\/04\/cosulet_urs_3-771x1024.png","type":"image\/png"}],"twitter_card":"summary_large_image","twitter_misc":{"Est. reading time":"1 minute"},"schema":{"@context":"https:\/\/schema.org","@graph":[{"@type":"WebPage","@id":"https:\/\/www.w5.ro\/shop\/product\/cosulet-crosetat-model-ursulet\/","url":"https:\/\/www.w5.ro\/shop\/product\/cosulet-crosetat-model-ursulet\/","name":"Co\u0219ule\u021b cro\u0219etat \u2013 model ursule\u021b - Crosetiq","isPartOf":{"@id":"https:\/\/www.w5.ro\/shop\/#website"},"primaryImageOfPage":{"@id":"https:\/\/www.w5.ro\/shop\/product\/cosulet-crosetat-model-ursulet\/#primaryimage"},"image":{"@id":"https:\/\/www.w5.ro\/shop\/product\/cosulet-crosetat-model-ursulet\/#primaryimage"},"thumbnailUrl":"https:\/\/www.w5.ro\/shop\/wp-content\/uploads\/2026\/04\/cosulet_urs_3.png","datePublished":"2026-04-17T12:49:54+00:00","dateModified":"2026-04-17T13:03:57+00:00","description":"Co\u0219ule\u021bele cro\u0219etate \u00een form\u0103 de anim\u0103lu\u021b sunt create pentru a aduce un strop de bucurie \u00een orice cadouPot fi folosite pentru: dulciuri mici juc\u0103rii cadouri speciale pentru copii","breadcrumb":{"@id":"https:\/\/www.w5.ro\/shop\/product\/cosulet-crosetat-model-ursulet\/#breadcrumb"},"inLanguage":"en-US","potentialAction":[{"@type":"ReadAction","target":["https:\/\/www.w5.ro\/shop\/product\/cosulet-crosetat-model-ursulet\/"]}]},{"@type":"ImageObject","inLanguage":"en-US","@id":"https:\/\/www.w5.ro\/shop\/product\/cosulet-crosetat-model-ursulet\/#primaryimage","url":"https:\/\/www.w5.ro\/shop\/wp-content\/uploads\/2026\/04\/cosulet_urs_3.png","contentUrl":"https:\/\/www.w5.ro\/shop\/wp-content\/uploads\/2026\/04\/cosulet_urs_3.png","width":1500,"height":1992,"caption":"Co\u0219ule\u021b cro\u0219etat ursulet"},{"@type":"BreadcrumbList","@id":"https:\/\/www.w5.ro\/shop\/product\/cosulet-crosetat-model-ursulet\/#breadcrumb","itemListElement":[{"@type":"ListItem","position":1,"name":"Home","item":"https:\/\/www.w5.ro\/shop\/"},{"@type":"ListItem","position":2,"name":"Categorii","item":"https:\/\/www.w5.ro\/shop\/shop\/"},{"@type":"ListItem","position":3,"name":"Co\u0219ule\u021b cro\u0219etat \u2013 model ursule\u021b"}]},{"@type":"WebSite","@id":"https:\/\/www.w5.ro\/shop\/#website","url":"https:\/\/www.w5.ro\/shop\/","name":"Shop W5","description":"Crosetiq \u2013 Crocheted Toys and Handmade Decorations","publisher":{"@id":"https:\/\/www.w5.ro\/shop\/#organization"},"potentialAction":[{"@type":"SearchAction","target":{"@type":"EntryPoint","urlTemplate":"https:\/\/www.w5.ro\/shop\/?s={search_term_string}"},"query-input":{"@type":"PropertyValueSpecification","valueRequired":true,"valueName":"search_term_string"}}],"inLanguage":"en-US"},{"@type":"Organization","@id":"https:\/\/www.w5.ro\/shop\/#organization","name":"Shop W5","url":"https:\/\/www.w5.ro\/shop\/","logo":{"@type":"ImageObject","inLanguage":"en-US","@id":"https:\/\/www.w5.ro\/shop\/#\/schema\/logo\/image\/","url":"https:\/\/www.w5.ro\/shop\/wp-content\/uploads\/2026\/03\/logo1_transparent-onlineshop.png","contentUrl":"https:\/\/www.w5.ro\/shop\/wp-content\/uploads\/2026\/03\/logo1_transparent-onlineshop.png","width":1024,"height":1024,"caption":"Shop W5"},"image":{"@id":"https:\/\/www.w5.ro\/shop\/#\/schema\/logo\/image\/"},"sameAs":["https:\/\/www.facebook.com\/profile.php?id=61575106282959"]}]}},"_links":{"self":[{"href":"https:\/\/www.w5.ro\/shop\/en\/wp-json\/wp\/v2\/product\/662","targetHints":{"allow":["GET"]}}],"collection":[{"href":"https:\/\/www.w5.ro\/shop\/en\/wp-json\/wp\/v2\/product"}],"about":[{"href":"https:\/\/www.w5.ro\/shop\/en\/wp-json\/wp\/v2\/types\/product"}],"replies":[{"embeddable":true,"href":"https:\/\/www.w5.ro\/shop\/en\/wp-json\/wp\/v2\/comments?post=662"}],"wp:featuredmedia":[{"embeddable":true,"href":"https:\/\/www.w5.ro\/shop\/en\/wp-json\/wp\/v2\/media\/666"}],"wp:attachment":[{"href":"https:\/\/www.w5.ro\/shop\/en\/wp-json\/wp\/v2\/media?parent=662"}],"wp:term":[{"taxonomy":"product_brand","embeddable":true,"href":"https:\/\/www.w5.ro\/shop\/en\/wp-json\/wp\/v2\/product_brand?post=662"},{"taxonomy":"product_cat","embeddable":true,"href":"https:\/\/www.w5.ro\/shop\/en\/wp-json\/wp\/v2\/product_cat?post=662"},{"taxonomy":"product_tag","embeddable":true,"href":"https:\/\/www.w5.ro\/shop\/en\/wp-json\/wp\/v2\/product_tag?post=662"}],"curies":[{"name":"wp","href":"https:\/\/api.w.org\/{rel}","templated":true}]}}