{"id":791,"date":"2026-04-21T12:34:32","date_gmt":"2026-04-21T09:34:32","guid":{"rendered":"https:\/\/www.w5.ro\/shop\/?post_type=product&#038;p=791"},"modified":"2026-04-21T15:35:56","modified_gmt":"2026-04-21T12:35:56","slug":"ou-iepuras-crosetat","status":"publish","type":"product","link":"https:\/\/www.w5.ro\/shop\/en\/product\/ou-iepuras-crosetat\/","title":{"rendered":"Ou-iepuras crosetat"},"content":{"rendered":"<p>Ou-iepuras crosetat manual este un cadou special pentru cei care indragesc accesoriile amuzante si este potrivita atat pentru copii, cat si pentru adulti.<\/p>\n<p><strong>Caracteristici:<\/strong><\/p>\n<ul>\n<li><strong>Materiale de calitate:<\/strong>\n<ul>\n<li>Compozitie fir: 50% bumbac, 50% acril<\/li>\n<li>Umplutura hipoalergenica<\/li>\n<li>Accesorii (ochisori) cu dispozitiv de siguranta<\/li>\n<\/ul>\n<\/li>\n<li><strong>Dimensiune ideala:<\/strong> aproximativ 7 cm (fara urechi)<\/li>\n<li><strong>Design unic:<\/strong>\u00a0Fiecare jucarie este crosetata manual, ceea ce inseamna ca fiecare piesa este unica in felul sau.<\/li>\n<li><strong>Culoare:<\/strong>\n<ul>\n<li>nuantele culorilor pot diferi putin in realitate in functie de setarile ecranului dvs.<\/li>\n<\/ul>\n<\/li>\n<li><strong>Siguranta:<\/strong>\u00a0pentru copii sub 3 ani se recomanda atenta supraveghere a unui adult.<\/li>\n<li><strong>Intretinere usoara:<\/strong>\u00a0Poate fi spalata manual, dar si in masina de spalat la un program delicat, la maxim 30\u02da C, pastrandu-si frumusetea si textura<\/li>\n<\/ul>","protected":false},"excerpt":{"rendered":"<p>Acest ou-iepuras crosetat realizat manual, aduce acel aer cald si jucaus specific sarbatorilor de Paste.<\/p>\n<p>Perfect pentru:<\/p>\n<ul>\n<li>decor de Pa\u0219te<\/li>\n<li>cadou pentru copii sau cei dragi<\/li>\n<li>surprize de s\u0103rb\u0103tori<\/li>\n<li>co\u0219ule\u021bul de Pa\u0219te<\/li>\n<\/ul>\n<p>Pentru produs personalizat \u00een culorile dorite v\u0103 rug\u0103m s\u0103 ne contacta\u021bi la sec\u021biunea <a href=\"https:\/\/www.w5.ro\/shop\/contact\/\">contact<\/a> \u0219i v\u0103 putem realiza produsul conform specifica\u021biilor.<\/p>","protected":false},"featured_media":792,"comment_status":"open","ping_status":"closed","template":"","meta":[],"product_brand":[],"product_cat":[30,20],"product_tag":[31,22,43,27],"class_list":{"0":"post-791","1":"product","2":"type-product","3":"status-publish","4":"has-post-thumbnail","6":"product_cat-brelocuri","7":"product_cat-decoratiuni-de-paste","8":"product_tag-breloc","9":"product_tag-iepuras","10":"product_tag-ou","11":"product_tag-paste","13":"first","14":"onbackorder","15":"sale","16":"shipping-taxable","17":"purchasable","18":"product-type-simple"},"yoast_head":"<!-- This site is optimized with the Yoast SEO plugin v27.4 - https:\/\/yoast.com\/product\/yoast-seo-wordpress\/ -->\n<title>Ou-iepuras crosetat - Crosetiq<\/title>\n<meta name=\"description\" content=\"Ou iepura\u0219 cro\u0219etat \u2013 cadou handmade de Pa\u0219te pentru copii\" \/>\n<meta name=\"robots\" content=\"index, follow, max-snippet:-1, max-image-preview:large, max-video-preview:-1\" \/>\n<link rel=\"canonical\" href=\"https:\/\/www.w5.ro\/shop\/en\/product\/ou-iepuras-crosetat\/\" \/>\n<meta property=\"og:locale\" content=\"en_US\" \/>\n<meta property=\"og:type\" content=\"article\" \/>\n<meta property=\"og:title\" content=\"Ou-iepuras crosetat - Crosetiq\" \/>\n<meta property=\"og:description\" content=\"Ou iepura\u0219 cro\u0219etat \u2013 cadou handmade de Pa\u0219te pentru copii\" \/>\n<meta property=\"og:url\" content=\"https:\/\/www.w5.ro\/shop\/en\/product\/ou-iepuras-crosetat\/\" \/>\n<meta property=\"og:site_name\" content=\"Crosetiq\" \/>\n<meta property=\"article:publisher\" content=\"https:\/\/www.facebook.com\/profile.php?id=61575106282959\" \/>\n<meta property=\"article:modified_time\" content=\"2026-04-21T12:35:56+00:00\" \/>\n<meta property=\"og:image\" content=\"https:\/\/www.w5.ro\/shop\/wp-content\/uploads\/2026\/04\/ou_iepuras_1-771x1024.png\" \/>\n\t<meta property=\"og:image:width\" content=\"771\" \/>\n\t<meta property=\"og:image:height\" content=\"1024\" \/>\n\t<meta property=\"og:image:type\" content=\"image\/png\" \/>\n<meta name=\"twitter:card\" content=\"summary_large_image\" \/>\n<meta name=\"twitter:label1\" content=\"Est. reading time\" \/>\n\t<meta name=\"twitter:data1\" content=\"1 minute\" \/>\n<script type=\"application\/ld+json\" class=\"yoast-schema-graph\">{\"@context\":\"https:\\\/\\\/schema.org\",\"@graph\":[{\"@type\":\"WebPage\",\"@id\":\"https:\\\/\\\/www.w5.ro\\\/shop\\\/product\\\/ou-iepuras-crosetat\\\/\",\"url\":\"https:\\\/\\\/www.w5.ro\\\/shop\\\/product\\\/ou-iepuras-crosetat\\\/\",\"name\":\"Ou-iepuras crosetat - Crosetiq\",\"isPartOf\":{\"@id\":\"https:\\\/\\\/www.w5.ro\\\/shop\\\/#website\"},\"primaryImageOfPage\":{\"@id\":\"https:\\\/\\\/www.w5.ro\\\/shop\\\/product\\\/ou-iepuras-crosetat\\\/#primaryimage\"},\"image\":{\"@id\":\"https:\\\/\\\/www.w5.ro\\\/shop\\\/product\\\/ou-iepuras-crosetat\\\/#primaryimage\"},\"thumbnailUrl\":\"https:\\\/\\\/www.w5.ro\\\/shop\\\/wp-content\\\/uploads\\\/2026\\\/04\\\/ou_iepuras_1.png\",\"datePublished\":\"2026-04-21T09:34:32+00:00\",\"dateModified\":\"2026-04-21T12:35:56+00:00\",\"description\":\"Ou iepura\u0219 cro\u0219etat \u2013 cadou handmade de Pa\u0219te pentru copii\",\"breadcrumb\":{\"@id\":\"https:\\\/\\\/www.w5.ro\\\/shop\\\/product\\\/ou-iepuras-crosetat\\\/#breadcrumb\"},\"inLanguage\":\"en-US\",\"potentialAction\":[{\"@type\":\"ReadAction\",\"target\":[\"https:\\\/\\\/www.w5.ro\\\/shop\\\/product\\\/ou-iepuras-crosetat\\\/\"]}]},{\"@type\":\"ImageObject\",\"inLanguage\":\"en-US\",\"@id\":\"https:\\\/\\\/www.w5.ro\\\/shop\\\/product\\\/ou-iepuras-crosetat\\\/#primaryimage\",\"url\":\"https:\\\/\\\/www.w5.ro\\\/shop\\\/wp-content\\\/uploads\\\/2026\\\/04\\\/ou_iepuras_1.png\",\"contentUrl\":\"https:\\\/\\\/www.w5.ro\\\/shop\\\/wp-content\\\/uploads\\\/2026\\\/04\\\/ou_iepuras_1.png\",\"width\":1000,\"height\":1328,\"caption\":\"Ou iepuras crosetat\"},{\"@type\":\"BreadcrumbList\",\"@id\":\"https:\\\/\\\/www.w5.ro\\\/shop\\\/product\\\/ou-iepuras-crosetat\\\/#breadcrumb\",\"itemListElement\":[{\"@type\":\"ListItem\",\"position\":1,\"name\":\"Home\",\"item\":\"https:\\\/\\\/www.w5.ro\\\/shop\\\/\"},{\"@type\":\"ListItem\",\"position\":2,\"name\":\"Toate produsele\",\"item\":\"https:\\\/\\\/www.w5.ro\\\/shop\\\/shop\\\/\"},{\"@type\":\"ListItem\",\"position\":3,\"name\":\"Ou-iepuras crosetat\"}]},{\"@type\":\"WebSite\",\"@id\":\"https:\\\/\\\/www.w5.ro\\\/shop\\\/#website\",\"url\":\"https:\\\/\\\/www.w5.ro\\\/shop\\\/\",\"name\":\"Shop W5\",\"description\":\"Crosetiq \u2013 juc\u0103rii cro\u0219etate \u0219i decora\u021biuni handmade\",\"publisher\":{\"@id\":\"https:\\\/\\\/www.w5.ro\\\/shop\\\/#organization\"},\"potentialAction\":[{\"@type\":\"SearchAction\",\"target\":{\"@type\":\"EntryPoint\",\"urlTemplate\":\"https:\\\/\\\/www.w5.ro\\\/shop\\\/?s={search_term_string}\"},\"query-input\":{\"@type\":\"PropertyValueSpecification\",\"valueRequired\":true,\"valueName\":\"search_term_string\"}}],\"inLanguage\":\"en-US\"},{\"@type\":\"Organization\",\"@id\":\"https:\\\/\\\/www.w5.ro\\\/shop\\\/#organization\",\"name\":\"Shop W5\",\"url\":\"https:\\\/\\\/www.w5.ro\\\/shop\\\/\",\"logo\":{\"@type\":\"ImageObject\",\"inLanguage\":\"en-US\",\"@id\":\"https:\\\/\\\/www.w5.ro\\\/shop\\\/#\\\/schema\\\/logo\\\/image\\\/\",\"url\":\"https:\\\/\\\/www.w5.ro\\\/shop\\\/wp-content\\\/uploads\\\/2026\\\/03\\\/logo1_transparent-onlineshop.png\",\"contentUrl\":\"https:\\\/\\\/www.w5.ro\\\/shop\\\/wp-content\\\/uploads\\\/2026\\\/03\\\/logo1_transparent-onlineshop.png\",\"width\":1024,\"height\":1024,\"caption\":\"Shop W5\"},\"image\":{\"@id\":\"https:\\\/\\\/www.w5.ro\\\/shop\\\/#\\\/schema\\\/logo\\\/image\\\/\"},\"sameAs\":[\"https:\\\/\\\/www.facebook.com\\\/profile.php?id=61575106282959\"]}]}<\/script>\n<!-- \/ Yoast SEO plugin. -->","yoast_head_json":{"title":"Ou-iepuras crosetat - Crosetiq","description":"Ou iepura\u0219 cro\u0219etat \u2013 cadou handmade de Pa\u0219te pentru copii","robots":{"index":"index","follow":"follow","max-snippet":"max-snippet:-1","max-image-preview":"max-image-preview:large","max-video-preview":"max-video-preview:-1"},"canonical":"https:\/\/www.w5.ro\/shop\/en\/product\/ou-iepuras-crosetat\/","og_locale":"en_US","og_type":"article","og_title":"Ou-iepuras crosetat - Crosetiq","og_description":"Ou iepura\u0219 cro\u0219etat \u2013 cadou handmade de Pa\u0219te pentru copii","og_url":"https:\/\/www.w5.ro\/shop\/en\/product\/ou-iepuras-crosetat\/","og_site_name":"Crosetiq","article_publisher":"https:\/\/www.facebook.com\/profile.php?id=61575106282959","article_modified_time":"2026-04-21T12:35:56+00:00","og_image":[{"width":771,"height":1024,"url":"https:\/\/www.w5.ro\/shop\/wp-content\/uploads\/2026\/04\/ou_iepuras_1-771x1024.png","type":"image\/png"}],"twitter_card":"summary_large_image","twitter_misc":{"Est. reading time":"1 minute"},"schema":{"@context":"https:\/\/schema.org","@graph":[{"@type":"WebPage","@id":"https:\/\/www.w5.ro\/shop\/product\/ou-iepuras-crosetat\/","url":"https:\/\/www.w5.ro\/shop\/product\/ou-iepuras-crosetat\/","name":"Ou-iepuras crosetat - Crosetiq","isPartOf":{"@id":"https:\/\/www.w5.ro\/shop\/#website"},"primaryImageOfPage":{"@id":"https:\/\/www.w5.ro\/shop\/product\/ou-iepuras-crosetat\/#primaryimage"},"image":{"@id":"https:\/\/www.w5.ro\/shop\/product\/ou-iepuras-crosetat\/#primaryimage"},"thumbnailUrl":"https:\/\/www.w5.ro\/shop\/wp-content\/uploads\/2026\/04\/ou_iepuras_1.png","datePublished":"2026-04-21T09:34:32+00:00","dateModified":"2026-04-21T12:35:56+00:00","description":"Ou iepura\u0219 cro\u0219etat \u2013 cadou handmade de Pa\u0219te pentru copii","breadcrumb":{"@id":"https:\/\/www.w5.ro\/shop\/product\/ou-iepuras-crosetat\/#breadcrumb"},"inLanguage":"en-US","potentialAction":[{"@type":"ReadAction","target":["https:\/\/www.w5.ro\/shop\/product\/ou-iepuras-crosetat\/"]}]},{"@type":"ImageObject","inLanguage":"en-US","@id":"https:\/\/www.w5.ro\/shop\/product\/ou-iepuras-crosetat\/#primaryimage","url":"https:\/\/www.w5.ro\/shop\/wp-content\/uploads\/2026\/04\/ou_iepuras_1.png","contentUrl":"https:\/\/www.w5.ro\/shop\/wp-content\/uploads\/2026\/04\/ou_iepuras_1.png","width":1000,"height":1328,"caption":"Ou iepuras crosetat"},{"@type":"BreadcrumbList","@id":"https:\/\/www.w5.ro\/shop\/product\/ou-iepuras-crosetat\/#breadcrumb","itemListElement":[{"@type":"ListItem","position":1,"name":"Home","item":"https:\/\/www.w5.ro\/shop\/"},{"@type":"ListItem","position":2,"name":"Toate produsele","item":"https:\/\/www.w5.ro\/shop\/shop\/"},{"@type":"ListItem","position":3,"name":"Ou-iepuras crosetat"}]},{"@type":"WebSite","@id":"https:\/\/www.w5.ro\/shop\/#website","url":"https:\/\/www.w5.ro\/shop\/","name":"Shop W5","description":"Crosetiq \u2013 Crocheted Toys and Handmade Decorations","publisher":{"@id":"https:\/\/www.w5.ro\/shop\/#organization"},"potentialAction":[{"@type":"SearchAction","target":{"@type":"EntryPoint","urlTemplate":"https:\/\/www.w5.ro\/shop\/?s={search_term_string}"},"query-input":{"@type":"PropertyValueSpecification","valueRequired":true,"valueName":"search_term_string"}}],"inLanguage":"en-US"},{"@type":"Organization","@id":"https:\/\/www.w5.ro\/shop\/#organization","name":"Shop W5","url":"https:\/\/www.w5.ro\/shop\/","logo":{"@type":"ImageObject","inLanguage":"en-US","@id":"https:\/\/www.w5.ro\/shop\/#\/schema\/logo\/image\/","url":"https:\/\/www.w5.ro\/shop\/wp-content\/uploads\/2026\/03\/logo1_transparent-onlineshop.png","contentUrl":"https:\/\/www.w5.ro\/shop\/wp-content\/uploads\/2026\/03\/logo1_transparent-onlineshop.png","width":1024,"height":1024,"caption":"Shop W5"},"image":{"@id":"https:\/\/www.w5.ro\/shop\/#\/schema\/logo\/image\/"},"sameAs":["https:\/\/www.facebook.com\/profile.php?id=61575106282959"]}]}},"_links":{"self":[{"href":"https:\/\/www.w5.ro\/shop\/en\/wp-json\/wp\/v2\/product\/791","targetHints":{"allow":["GET"]}}],"collection":[{"href":"https:\/\/www.w5.ro\/shop\/en\/wp-json\/wp\/v2\/product"}],"about":[{"href":"https:\/\/www.w5.ro\/shop\/en\/wp-json\/wp\/v2\/types\/product"}],"replies":[{"embeddable":true,"href":"https:\/\/www.w5.ro\/shop\/en\/wp-json\/wp\/v2\/comments?post=791"}],"wp:featuredmedia":[{"embeddable":true,"href":"https:\/\/www.w5.ro\/shop\/en\/wp-json\/wp\/v2\/media\/792"}],"wp:attachment":[{"href":"https:\/\/www.w5.ro\/shop\/en\/wp-json\/wp\/v2\/media?parent=791"}],"wp:term":[{"taxonomy":"product_brand","embeddable":true,"href":"https:\/\/www.w5.ro\/shop\/en\/wp-json\/wp\/v2\/product_brand?post=791"},{"taxonomy":"product_cat","embeddable":true,"href":"https:\/\/www.w5.ro\/shop\/en\/wp-json\/wp\/v2\/product_cat?post=791"},{"taxonomy":"product_tag","embeddable":true,"href":"https:\/\/www.w5.ro\/shop\/en\/wp-json\/wp\/v2\/product_tag?post=791"}],"curies":[{"name":"wp","href":"https:\/\/api.w.org\/{rel}","templated":true}]}}