{"id":795,"date":"2026-04-21T14:33:12","date_gmt":"2026-04-21T11:33:12","guid":{"rendered":"https:\/\/www.w5.ro\/shop\/?post_type=product&#038;p=795"},"modified":"2026-04-21T15:35:28","modified_gmt":"2026-04-21T12:35:28","slug":"puisor-in-ou-crosetat","status":"publish","type":"product","link":"https:\/\/www.w5.ro\/shop\/en\/product\/puisor-in-ou-crosetat\/","title":{"rendered":"Pui\u0219or \u00een ou cro\u0219etat"},"content":{"rendered":"<p>Pui\u0219or \u00een ou cro\u0219etat handmade, decor de Pa\u0219te pentru copii. Cadou ideal de Pa\u0219te, realizat manual din materiale sigure \u0219i de calitate.<\/p>\n<p><strong>Caracteristici:<\/strong><\/p>\n<ul>\n<li><strong>Materiale de calitate:<\/strong>\n<ul>\n<li>Compozitie fir: 50% bumbac, 50% acril<\/li>\n<li>Umplutura hipoalergenica<\/li>\n<li>Accesorii (ochisori) cu dispozitiv de siguranta<\/li>\n<\/ul>\n<\/li>\n<li><strong>Dimensiune ideala:<\/strong> aproximativ 7 cm<\/li>\n<li><strong>Design unic:<\/strong>\u00a0Fiecare jucarie este crosetata manual, ceea ce inseamna ca fiecare piesa este unica in felul sau.<\/li>\n<li><strong>Culoare:<\/strong>\n<ul>\n<li>nuantele culorilor pot diferi putin in realitate in functie de setarile ecranului dvs.<\/li>\n<\/ul>\n<\/li>\n<li><strong>Siguranta:<\/strong>\u00a0pentru copii sub 3 ani se recomanda atenta supraveghere a unui adult.<\/li>\n<li><strong>Intretinere usoara:<\/strong>\u00a0Poate fi spalata manual, dar si in masina de spalat la un program delicat, la maxim 30\u02da C, pastrandu-si frumusetea si textura<\/li>\n<\/ul>","protected":false},"excerpt":{"rendered":"<p data-start=\"226\" data-end=\"374\">Adaug\u0103 un plus de veselie s\u0103rb\u0103torilor cu acest pui \u00een ou cro\u0219etat handmade, un decor adorabil care aduce instant atmosfera de Pa\u0219te \u00een casa ta.<\/p>\n<h3 data-section-id=\"19cu8cv\" data-start=\"815\" data-end=\"834\">Ideal pentru<\/h3>\n<ul data-start=\"836\" data-end=\"974\">\n<li data-section-id=\"ld9bs5\" data-start=\"836\" data-end=\"864\">decorarea casei de Pa\u0219te<\/li>\n<li data-section-id=\"eell2z\" data-start=\"865\" data-end=\"887\">co\u0219ule\u021bul de Pa\u0219te<\/li>\n<li data-section-id=\"dz1xgg\" data-start=\"888\" data-end=\"910\">cadou pentru copii<\/li>\n<\/ul>\n<p>Pentru produs personalizat \u00een culorile dorite v\u0103 rug\u0103m s\u0103 ne contacta\u021bi la sec\u021biunea <a href=\"https:\/\/www.w5.ro\/shop\/contact\/\">contact<\/a> \u0219i v\u0103 putem realiza produsul conform specifica\u021biilor.<\/p>","protected":false},"featured_media":798,"comment_status":"open","ping_status":"closed","template":"","meta":[],"product_brand":[],"product_cat":[20,30],"product_tag":[43,27,44],"class_list":{"0":"post-795","1":"product","2":"type-product","3":"status-publish","4":"has-post-thumbnail","6":"product_cat-decoratiuni-de-paste","7":"product_cat-brelocuri","8":"product_tag-ou","9":"product_tag-paste","10":"product_tag-pui","12":"first","13":"onbackorder","14":"sale","15":"shipping-taxable","16":"purchasable","17":"product-type-simple"},"_links":{"self":[{"href":"https:\/\/www.w5.ro\/shop\/en\/wp-json\/wp\/v2\/product\/795","targetHints":{"allow":["GET"]}}],"collection":[{"href":"https:\/\/www.w5.ro\/shop\/en\/wp-json\/wp\/v2\/product"}],"about":[{"href":"https:\/\/www.w5.ro\/shop\/en\/wp-json\/wp\/v2\/types\/product"}],"replies":[{"embeddable":true,"href":"https:\/\/www.w5.ro\/shop\/en\/wp-json\/wp\/v2\/comments?post=795"}],"wp:featuredmedia":[{"embeddable":true,"href":"https:\/\/www.w5.ro\/shop\/en\/wp-json\/wp\/v2\/media\/798"}],"wp:attachment":[{"href":"https:\/\/www.w5.ro\/shop\/en\/wp-json\/wp\/v2\/media?parent=795"}],"wp:term":[{"taxonomy":"product_brand","embeddable":true,"href":"https:\/\/www.w5.ro\/shop\/en\/wp-json\/wp\/v2\/product_brand?post=795"},{"taxonomy":"product_cat","embeddable":true,"href":"https:\/\/www.w5.ro\/shop\/en\/wp-json\/wp\/v2\/product_cat?post=795"},{"taxonomy":"product_tag","embeddable":true,"href":"https:\/\/www.w5.ro\/shop\/en\/wp-json\/wp\/v2\/product_tag?post=795"}],"curies":[{"name":"wp","href":"https:\/\/api.w.org\/{rel}","templated":true}]}}