{"id":799,"date":"2026-04-21T15:15:12","date_gmt":"2026-04-21T12:15:12","guid":{"rendered":"https:\/\/www.w5.ro\/shop\/?post_type=product&#038;p=799"},"modified":"2026-04-21T15:34:42","modified_gmt":"2026-04-21T12:34:42","slug":"pisicuta-crosetata","status":"publish","type":"product","link":"https:\/\/www.w5.ro\/shop\/en\/product\/pisicuta-crosetata\/","title":{"rendered":"Pisicu\u021b\u0103 cro\u0219etat\u0103"},"content":{"rendered":"<p>Aceast\u0103 juc\u0103rie cro\u0219etat\u0103 manual este realizat\u0103 cu grij\u0103 \u0219i aten\u021bie la detalii, fiind perfect\u0103 pentru copii sau pentru decorarea camerei celor mici. Fiecare juc\u0103rie este unic\u0103, deoarece este lucrat\u0103 manual.<\/p>\n<p>Designul prietenos \u0219i materialele moi o transform\u0103 \u00eentr-un partener ideal pentru joac\u0103.<\/p>\n<p><strong>Caracteristici:<\/strong><\/p>\n<ul>\n<li><strong>Materiale de calitate:<\/strong>\n<ul>\n<li>Fir de catifea 100% poliester<\/li>\n<li>Umplutura hipoalergenica<\/li>\n<li>Ochisori cu dispozitiv de siguranta<\/li>\n<\/ul>\n<\/li>\n<li><strong>Dimensiune:<\/strong> aproximativ 8 cm<\/li>\n<li><strong>Produs handmade:<\/strong>\u00a0Fiind lucrat\u0103 manual, fiecare juc\u0103rie poate avea mici diferen\u021be fa\u021b\u0103 de fotografii, ceea ce o face special\u0103 \u0219i unic\u0103.<\/li>\n<li><strong>Siguranta:<\/strong>\u00a0Juc\u0103ria este realizat\u0103 din materiale sigure \u0219i este potrivit\u0103 pentru copii. Pentru copii sub 3 ani se recomand\u0103 atenta supraveghere a unui adult<\/li>\n<li><strong>Intretinere usoara:<\/strong>\u00a0Se recomand\u0103 sp\u0103larea manual\u0103 sau la program delicat la 30\u00b0C. Nu se usuc\u0103 \u00een usc\u0103tor.<\/li>\n<\/ul>\n<p><strong>Beneficii:<\/strong><\/p>\n<ul>\n<li>Stimuleaz\u0103 imaginatia \u0219i creativitatea.<\/li>\n<li>Ofer\u0103 confort \u0219i companie celor mici.<\/li>\n<li>Perfect\u0103 pentru a fi oferit\u0103 cadou la orice ocazie.<\/li>\n<\/ul>","protected":false},"excerpt":{"rendered":"<p data-start=\"52\" data-end=\"244\">O pisicu\u021b\u0103 cro\u0219etat\u0103 handmade, mic\u0103 \u0219i adorabil\u0103, perfect\u0103 pentru a fi purtat\u0103 ca breloc sau p\u0103strat\u0103 ca mic decor plin de farmec. Un accesoriu simpatic care aduce un z\u00e2mbet oriunde merge.<\/p>\n<p data-start=\"246\" data-end=\"264\">Ideal\u0103 pentru:<\/p>\n<ul data-start=\"265\" data-end=\"387\" data-is-last-node=\"\" data-is-only-node=\"\">\n<li data-section-id=\"17quf6j\" data-start=\"265\" data-end=\"308\">breloc pentru chei, ghiozdan sau geant\u0103<\/li>\n<li data-section-id=\"1o56re3\" data-start=\"309\" data-end=\"345\">cadou mic \u0219i dr\u0103gu\u021b pentru copii<\/li>\n<li data-section-id=\"3lej9z\" data-start=\"346\" data-end=\"387\" data-is-last-node=\"\">surprize simbolice sau aten\u021bii speciale<\/li>\n<\/ul>\n<p>Pentru produs personalizat \u00een culorile dorite v\u0103 rug\u0103m s\u0103 ne contacta\u021bi la sec\u021biunea <a href=\"https:\/\/www.w5.ro\/shop\/contact\/\">contact<\/a> \u0219i v\u0103 putem realiza produsul conform specifica\u021biilor.<\/p>","protected":false},"featured_media":801,"comment_status":"open","ping_status":"closed","template":"","meta":[],"product_brand":[],"product_cat":[18,30],"product_tag":[31,45],"class_list":{"0":"post-799","1":"product","2":"type-product","3":"status-publish","4":"has-post-thumbnail","6":"product_cat-jucarii-crosetate","7":"product_cat-brelocuri","8":"product_tag-breloc","9":"product_tag-pisicuta","11":"first","12":"onbackorder","13":"sale","14":"shipping-taxable","15":"purchasable","16":"product-type-simple"},"_links":{"self":[{"href":"https:\/\/www.w5.ro\/shop\/en\/wp-json\/wp\/v2\/product\/799","targetHints":{"allow":["GET"]}}],"collection":[{"href":"https:\/\/www.w5.ro\/shop\/en\/wp-json\/wp\/v2\/product"}],"about":[{"href":"https:\/\/www.w5.ro\/shop\/en\/wp-json\/wp\/v2\/types\/product"}],"replies":[{"embeddable":true,"href":"https:\/\/www.w5.ro\/shop\/en\/wp-json\/wp\/v2\/comments?post=799"}],"wp:featuredmedia":[{"embeddable":true,"href":"https:\/\/www.w5.ro\/shop\/en\/wp-json\/wp\/v2\/media\/801"}],"wp:attachment":[{"href":"https:\/\/www.w5.ro\/shop\/en\/wp-json\/wp\/v2\/media?parent=799"}],"wp:term":[{"taxonomy":"product_brand","embeddable":true,"href":"https:\/\/www.w5.ro\/shop\/en\/wp-json\/wp\/v2\/product_brand?post=799"},{"taxonomy":"product_cat","embeddable":true,"href":"https:\/\/www.w5.ro\/shop\/en\/wp-json\/wp\/v2\/product_cat?post=799"},{"taxonomy":"product_tag","embeddable":true,"href":"https:\/\/www.w5.ro\/shop\/en\/wp-json\/wp\/v2\/product_tag?post=799"}],"curies":[{"name":"wp","href":"https:\/\/api.w.org\/{rel}","templated":true}]}}