{"id":824,"date":"2026-04-24T13:20:28","date_gmt":"2026-04-24T10:20:28","guid":{"rendered":"https:\/\/www.w5.ro\/shop\/?post_type=product&#038;p=824"},"modified":"2026-04-24T13:20:28","modified_gmt":"2026-04-24T10:20:28","slug":"breloc-albinuta","status":"publish","type":"product","link":"https:\/\/www.w5.ro\/shop\/en\/breloc-albinuta\/","title":{"rendered":"Breloc albinu\u021b\u0103"},"content":{"rendered":"<p>Brelocul albinuta este un cadou special pentru cei care indragesc accesoriile amuzante. Poate fi purtata ca breloc pentru chei, ghiozdan sau geanta si este potrivita atat pentru copii, cat si pentru adulti.<\/p>\n<p><strong>Caracteristici:<\/strong><\/p>\n<ul>\n<li><strong>Materiale de calitate:<\/strong>\n<ul>\n<li>Compozitie fir: 50% bumbac, 50% acril<\/li>\n<li>Umplutura hipoalergenica<\/li>\n<li>Accesorii (ochisori) cu dispozitiv de siguranta<\/li>\n<\/ul>\n<\/li>\n<li><strong>Dimensiune ideala:<\/strong> aproximativ 8 cm<\/li>\n<li><strong>Design unic:<\/strong> Fiecare piesa este crosetata manual, ceea ce inseamna ca este unica in felul sau.<\/li>\n<li><strong>Culoare:<\/strong>\u00a0nuantele culorilor pot diferi putin in realitate in functie de setarile ecranului dvs.<\/li>\n<li><strong>Siguranta:<\/strong>\u00a0pentru copii sub 3 ani se recomanda atenta supraveghere a unui adult.<\/li>\n<li><strong>Intretinere usoara:<\/strong>\u00a0Poate fi spalata manual, dar si in masina de spalat la un program delicat, la maxim 30\u02da C, pastrandu-si frumusetea si textura.<\/li>\n<\/ul>","protected":false},"excerpt":{"rendered":"<p>Breloc albinu\u021b\u0103 cro\u0219etat\u0103 manual, mic\u0103 \u0219i plin\u0103 de farmec. Realizat\u0103 din fir moale, este un accesoriu vesel pentru chei, rucsac sau geant\u0103. Perfect\u0103 pentru a aduce un z\u00e2mbet oriunde mergi.<\/p>","protected":false},"featured_media":817,"comment_status":"open","ping_status":"closed","template":"","meta":[],"product_brand":[],"product_cat":[30],"product_tag":[47,31],"class_list":{"0":"post-824","1":"product","2":"type-product","3":"status-publish","4":"has-post-thumbnail","6":"product_cat-brelocuri","7":"product_tag-albinuta","8":"product_tag-breloc","10":"first","11":"instock","12":"sale","13":"shipping-taxable","14":"purchasable","15":"product-type-simple"},"_links":{"self":[{"href":"https:\/\/www.w5.ro\/shop\/en\/wp-json\/wp\/v2\/product\/824","targetHints":{"allow":["GET"]}}],"collection":[{"href":"https:\/\/www.w5.ro\/shop\/en\/wp-json\/wp\/v2\/product"}],"about":[{"href":"https:\/\/www.w5.ro\/shop\/en\/wp-json\/wp\/v2\/types\/product"}],"replies":[{"embeddable":true,"href":"https:\/\/www.w5.ro\/shop\/en\/wp-json\/wp\/v2\/comments?post=824"}],"wp:featuredmedia":[{"embeddable":true,"href":"https:\/\/www.w5.ro\/shop\/en\/wp-json\/wp\/v2\/media\/817"}],"wp:attachment":[{"href":"https:\/\/www.w5.ro\/shop\/en\/wp-json\/wp\/v2\/media?parent=824"}],"wp:term":[{"taxonomy":"product_brand","embeddable":true,"href":"https:\/\/www.w5.ro\/shop\/en\/wp-json\/wp\/v2\/product_brand?post=824"},{"taxonomy":"product_cat","embeddable":true,"href":"https:\/\/www.w5.ro\/shop\/en\/wp-json\/wp\/v2\/product_cat?post=824"},{"taxonomy":"product_tag","embeddable":true,"href":"https:\/\/www.w5.ro\/shop\/en\/wp-json\/wp\/v2\/product_tag?post=824"}],"curies":[{"name":"wp","href":"https:\/\/api.w.org\/{rel}","templated":true}]}}