{"id":1036,"date":"2026-05-08T19:10:34","date_gmt":"2026-05-08T16:10:34","guid":{"rendered":"https:\/\/www.w5.ro\/shop\/?post_type=product&#038;p=1036"},"modified":"2026-05-08T21:47:17","modified_gmt":"2026-05-08T18:47:17","slug":"iepuras-crosetat-4","status":"publish","type":"product","link":"https:\/\/www.w5.ro\/shop\/iepuras-crosetat-4\/","title":{"rendered":"Iepura\u0219 cro\u0219etat"},"content":{"rendered":"<h4>Iepura\u0219 cro\u0219etat<\/h4>\n<p>Aceast iepura\u0219 cro\u0219etat manual este realizat cu grij\u0103 \u0219i aten\u021bie la detalii, fiind perfect pentru copii sau pentru decorarea camerei celor mici. Fiecare juc\u0103rie este unic\u0103, deoarece este lucrat\u0103 manual.<\/p>\n<p>Designul prietenos \u0219i materialele moi o transform\u0103 \u00eentr-un partener ideal pentru joac\u0103 sau somn.<\/p>\n<p><strong>Caracteristici:<\/strong><\/p>\n<ul>\n<li><strong>Materiale de calitate:<\/strong>\n<ul>\n<li>Fir de catifea 100% poliester<\/li>\n<li>Umplutura hipoalergenica<\/li>\n<li>Ochisori cu dispozitiv de siguranta<\/li>\n<\/ul>\n<\/li>\n<li><strong>Dimensiune:<\/strong> aproximativ 25 cm<\/li>\n<li><strong>Produs handmade:<\/strong>\u00a0Fiind lucrat\u0103 manual, fiecare juc\u0103rie poate avea mici diferen\u021be fa\u021b\u0103 de fotografii, ceea ce o face special\u0103 \u0219i unic\u0103.<\/li>\n<li><strong>Siguranta:<\/strong>\u00a0Juc\u0103ria este realizat\u0103 din materiale sigure \u0219i este potrivit\u0103 pentru copii. Pentru copii sub 3 ani se recomand\u0103 atenta supraveghere a unui adult<\/li>\n<li><strong>Intretinere usoara:<\/strong>\u00a0Se recomand\u0103 sp\u0103larea manual\u0103 sau la program delicat la 30\u00b0C. Nu se usuc\u0103 \u00een usc\u0103tor.<\/li>\n<\/ul>\n<p><strong>Beneficii:<\/strong><\/p>\n<ul>\n<li>Stimuleaz\u0103 imaginatia \u0219i creativitatea.<\/li>\n<li>Ofer\u0103 confort \u0219i companie celor mici.<\/li>\n<li>Perfect\u0103 pentru a fi oferit\u0103 cadou la orice ocazie.<\/li>\n<\/ul>\n","protected":false},"excerpt":{"rendered":"<p class=\"isSelectedEnd\">Un iepura\u0219 cro\u0219etat delicat \u0219i pufos, lucrat manual cu grij\u0103 \u0219i aten\u021bie la fiecare detaliu. Rochi\u021ba \u0219i fundi\u021ba simpatic\u0103 \u00eei ofer\u0103 un aspect dulce \u0219i juc\u0103u\u0219, perfect pentru a aduce z\u00e2mbete celor mici.<\/p>\n<p class=\"isSelectedEnd\">Realizat din fire moi \u0219i pl\u0103cute la atingere, acest mic iepura\u0219 poate deveni rapid un prieten de n\u0103dejde sau un cadou special pentru cineva drag.<\/p>\n<p>\ud83e\uddf6 Lucrat handmade<br \/>\n\ud83c\udf81 Ideal pentru cadou<br \/>\n\ud83d\udc30 Moale, delicat \u0219i adorabil<\/p>\n<p>Pentru produs personalizat \u00een culorile dorite v\u0103 rug\u0103m s\u0103 ne contacta\u021bi la sec\u021biunea <a href=\"https:\/\/www.w5.ro\/shop\/contact\/\">contact<\/a> \u0219i v\u0103 putem realiza produsul conform specifica\u021biilor.<\/p>\n","protected":false},"featured_media":1038,"comment_status":"open","ping_status":"closed","template":"","meta":[],"product_brand":[],"product_cat":[18],"product_tag":[],"class_list":{"0":"post-1036","1":"product","2":"type-product","3":"status-publish","4":"has-post-thumbnail","6":"product_cat-jucarii-crosetate","8":"first","9":"instock","10":"sale","11":"shipping-taxable","12":"purchasable","13":"product-type-simple"},"_links":{"self":[{"href":"https:\/\/www.w5.ro\/shop\/wp-json\/wp\/v2\/product\/1036","targetHints":{"allow":["GET"]}}],"collection":[{"href":"https:\/\/www.w5.ro\/shop\/wp-json\/wp\/v2\/product"}],"about":[{"href":"https:\/\/www.w5.ro\/shop\/wp-json\/wp\/v2\/types\/product"}],"replies":[{"embeddable":true,"href":"https:\/\/www.w5.ro\/shop\/wp-json\/wp\/v2\/comments?post=1036"}],"wp:featuredmedia":[{"embeddable":true,"href":"https:\/\/www.w5.ro\/shop\/wp-json\/wp\/v2\/media\/1038"}],"wp:attachment":[{"href":"https:\/\/www.w5.ro\/shop\/wp-json\/wp\/v2\/media?parent=1036"}],"wp:term":[{"taxonomy":"product_brand","embeddable":true,"href":"https:\/\/www.w5.ro\/shop\/wp-json\/wp\/v2\/product_brand?post=1036"},{"taxonomy":"product_cat","embeddable":true,"href":"https:\/\/www.w5.ro\/shop\/wp-json\/wp\/v2\/product_cat?post=1036"},{"taxonomy":"product_tag","embeddable":true,"href":"https:\/\/www.w5.ro\/shop\/wp-json\/wp\/v2\/product_tag?post=1036"}],"curies":[{"name":"wp","href":"https:\/\/api.w.org\/{rel}","templated":true}]}}