{"id":288,"date":"2026-03-10T10:28:25","date_gmt":"2026-03-10T08:28:25","guid":{"rendered":"https:\/\/www.w5.ro\/shop\/?post_type=product&#038;p=288"},"modified":"2026-04-03T20:35:26","modified_gmt":"2026-04-03T17:35:26","slug":"breloc-ratusca-amuzanta","status":"publish","type":"product","link":"https:\/\/www.w5.ro\/shop\/product\/breloc-ratusca-amuzanta\/","title":{"rendered":"Breloc ratusca amuzanta"},"content":{"rendered":"<p>Brelocul ratusca haioasa este un cadou special pentru cei care indragesc accesoriile amuzante. Poate fi purtata ca breloc pentru chei, ghiozdan sau geanta si este potrivita atat pentru copii, cat si pentru adulti.<\/p>\n<p><strong>Caracteristici:<\/strong><\/p>\n<ul>\n<li><strong>Materiale de calitate:<\/strong>\n<ul>\n<li>Compozitie fir: 50% bumbac, 50% acril<\/li>\n<li>Umplutura hipoalergenica<\/li>\n<li>Accesorii (ochisori) cu dispozitiv de siguranta<\/li>\n<\/ul>\n<\/li>\n<li><strong>Dimensiune ideala:<\/strong> 8 cm<\/li>\n<li><strong>Design unic:<\/strong>\u00a0Fiecare jucarie este crosetata manual, ceea ce inseamna ca fiecare piesa este unica in felul sau.<\/li>\n<li><strong>Culoare:<\/strong>\n<ul>\n<li>poate fi realizata in diferite culori<\/li>\n<li>nuantele culorilor pot diferi putin in realitate in functie de setarile ecranului dvs.<\/li>\n<\/ul>\n<\/li>\n<li><strong>Siguranta:<\/strong>\u00a0pentru copii sub 3 ani se recomanda atenta supraveghere a unui adult.<\/li>\n<li><strong>Intretinere usoara:<\/strong>\u00a0Poate fi spalata manual, dar si in masina de spalat la un program delicat, la maxim 30\u02da C, pastrandu-si frumusetea si textura.<\/li>\n<\/ul>\n","protected":false},"excerpt":{"rendered":"<p>Breloc r\u0103\u021bu\u0219c\u0103 cro\u0219etat\u0103 manual, mic\u0103 \u0219i plin\u0103 de farmec. Realizat\u0103 din fir moale, este un accesoriu vesel pentru chei, rucsac sau geant\u0103. Perfect\u0103 pentru a aduce un z\u00e2mbet oriunde mergi.<\/p>\n","protected":false},"featured_media":303,"comment_status":"open","ping_status":"closed","template":"","meta":[],"product_brand":[],"product_cat":[30],"product_tag":[31,36],"class_list":{"0":"post-288","1":"product","2":"type-product","3":"status-publish","4":"has-post-thumbnail","6":"product_cat-brelocuri","7":"product_tag-breloc","8":"product_tag-ratusca","10":"first","11":"instock","12":"sale","13":"shipping-taxable","14":"purchasable","15":"product-type-simple"},"yoast_head":"<!-- This site is optimized with the Yoast SEO plugin v27.3 - https:\/\/yoast.com\/product\/yoast-seo-wordpress\/ -->\n<title>Breloc ratusca amuzanta - Shop W5<\/title>\n<meta name=\"description\" content=\"Breloc r\u0103\u021bu\u0219c\u0103 cro\u0219etat\u0103 manual, mic\u0103 \u0219i plin\u0103 de farmec. Realizat\u0103 din fir moale, este un accesoriu vesel pentru chei, rucsac sau geant\u0103. Perfect\u0103 pentru a aduce un z\u00e2mbet oriunde mergi.\" \/>\n<meta name=\"robots\" content=\"index, follow, max-snippet:-1, max-image-preview:large, max-video-preview:-1\" \/>\n<link rel=\"canonical\" href=\"https:\/\/www.w5.ro\/shop\/product\/breloc-ratusca-amuzanta\/\" \/>\n<meta property=\"og:locale\" content=\"en_US\" \/>\n<meta property=\"og:type\" content=\"article\" \/>\n<meta property=\"og:title\" content=\"Breloc ratusca amuzanta - Shop W5\" \/>\n<meta property=\"og:description\" content=\"Breloc r\u0103\u021bu\u0219c\u0103 cro\u0219etat\u0103 manual, mic\u0103 \u0219i plin\u0103 de farmec. Realizat\u0103 din fir moale, este un accesoriu vesel pentru chei, rucsac sau geant\u0103. Perfect\u0103 pentru a aduce un z\u00e2mbet oriunde mergi.\" \/>\n<meta property=\"og:url\" content=\"https:\/\/www.w5.ro\/shop\/product\/breloc-ratusca-amuzanta\/\" \/>\n<meta property=\"og:site_name\" content=\"Shop W5\" \/>\n<meta property=\"article:publisher\" content=\"https:\/\/www.facebook.com\/profile.php?id=61575106282959\" \/>\n<meta property=\"article:modified_time\" content=\"2026-04-03T17:35:26+00:00\" \/>\n<meta property=\"og:image\" content=\"https:\/\/www.w5.ro\/shop\/wp-content\/uploads\/2026\/03\/ratuste-1001x1024.png\" \/>\n\t<meta property=\"og:image:width\" content=\"1001\" \/>\n\t<meta property=\"og:image:height\" content=\"1024\" \/>\n\t<meta property=\"og:image:type\" content=\"image\/png\" \/>\n<meta name=\"twitter:card\" content=\"summary_large_image\" \/>\n<meta name=\"twitter:label1\" content=\"Est. reading time\" \/>\n\t<meta name=\"twitter:data1\" content=\"1 minute\" \/>\n<script type=\"application\/ld+json\" class=\"yoast-schema-graph\">{\"@context\":\"https:\\\/\\\/schema.org\",\"@graph\":[{\"@type\":\"WebPage\",\"@id\":\"https:\\\/\\\/www.w5.ro\\\/shop\\\/product\\\/breloc-ratusca-amuzanta\\\/\",\"url\":\"https:\\\/\\\/www.w5.ro\\\/shop\\\/product\\\/breloc-ratusca-amuzanta\\\/\",\"name\":\"Breloc ratusca amuzanta - Shop W5\",\"isPartOf\":{\"@id\":\"https:\\\/\\\/www.w5.ro\\\/shop\\\/#website\"},\"primaryImageOfPage\":{\"@id\":\"https:\\\/\\\/www.w5.ro\\\/shop\\\/product\\\/breloc-ratusca-amuzanta\\\/#primaryimage\"},\"image\":{\"@id\":\"https:\\\/\\\/www.w5.ro\\\/shop\\\/product\\\/breloc-ratusca-amuzanta\\\/#primaryimage\"},\"thumbnailUrl\":\"https:\\\/\\\/www.w5.ro\\\/shop\\\/wp-content\\\/uploads\\\/2026\\\/03\\\/ratuste.png\",\"datePublished\":\"2026-03-10T08:28:25+00:00\",\"dateModified\":\"2026-04-03T17:35:26+00:00\",\"description\":\"Breloc r\u0103\u021bu\u0219c\u0103 cro\u0219etat\u0103 manual, mic\u0103 \u0219i plin\u0103 de farmec. Realizat\u0103 din fir moale, este un accesoriu vesel pentru chei, rucsac sau geant\u0103. Perfect\u0103 pentru a aduce un z\u00e2mbet oriunde mergi.\",\"breadcrumb\":{\"@id\":\"https:\\\/\\\/www.w5.ro\\\/shop\\\/product\\\/breloc-ratusca-amuzanta\\\/#breadcrumb\"},\"inLanguage\":\"en-US\",\"potentialAction\":[{\"@type\":\"ReadAction\",\"target\":[\"https:\\\/\\\/www.w5.ro\\\/shop\\\/product\\\/breloc-ratusca-amuzanta\\\/\"]}]},{\"@type\":\"ImageObject\",\"inLanguage\":\"en-US\",\"@id\":\"https:\\\/\\\/www.w5.ro\\\/shop\\\/product\\\/breloc-ratusca-amuzanta\\\/#primaryimage\",\"url\":\"https:\\\/\\\/www.w5.ro\\\/shop\\\/wp-content\\\/uploads\\\/2026\\\/03\\\/ratuste.png\",\"contentUrl\":\"https:\\\/\\\/www.w5.ro\\\/shop\\\/wp-content\\\/uploads\\\/2026\\\/03\\\/ratuste.png\",\"width\":2365,\"height\":2419},{\"@type\":\"BreadcrumbList\",\"@id\":\"https:\\\/\\\/www.w5.ro\\\/shop\\\/product\\\/breloc-ratusca-amuzanta\\\/#breadcrumb\",\"itemListElement\":[{\"@type\":\"ListItem\",\"position\":1,\"name\":\"Home\",\"item\":\"https:\\\/\\\/www.w5.ro\\\/shop\\\/\"},{\"@type\":\"ListItem\",\"position\":2,\"name\":\"Shop\",\"item\":\"https:\\\/\\\/www.w5.ro\\\/shop\\\/\"},{\"@type\":\"ListItem\",\"position\":3,\"name\":\"Breloc ratusca amuzanta\"}]},{\"@type\":\"WebSite\",\"@id\":\"https:\\\/\\\/www.w5.ro\\\/shop\\\/#website\",\"url\":\"https:\\\/\\\/www.w5.ro\\\/shop\\\/\",\"name\":\"Shop W5\",\"description\":\"\",\"publisher\":{\"@id\":\"https:\\\/\\\/www.w5.ro\\\/shop\\\/#organization\"},\"potentialAction\":[{\"@type\":\"SearchAction\",\"target\":{\"@type\":\"EntryPoint\",\"urlTemplate\":\"https:\\\/\\\/www.w5.ro\\\/shop\\\/?s={search_term_string}\"},\"query-input\":{\"@type\":\"PropertyValueSpecification\",\"valueRequired\":true,\"valueName\":\"search_term_string\"}}],\"inLanguage\":\"en-US\"},{\"@type\":\"Organization\",\"@id\":\"https:\\\/\\\/www.w5.ro\\\/shop\\\/#organization\",\"name\":\"Shop W5\",\"url\":\"https:\\\/\\\/www.w5.ro\\\/shop\\\/\",\"logo\":{\"@type\":\"ImageObject\",\"inLanguage\":\"en-US\",\"@id\":\"https:\\\/\\\/www.w5.ro\\\/shop\\\/#\\\/schema\\\/logo\\\/image\\\/\",\"url\":\"https:\\\/\\\/www.w5.ro\\\/shop\\\/wp-content\\\/uploads\\\/2026\\\/03\\\/logo1_transparent-onlineshop.png\",\"contentUrl\":\"https:\\\/\\\/www.w5.ro\\\/shop\\\/wp-content\\\/uploads\\\/2026\\\/03\\\/logo1_transparent-onlineshop.png\",\"width\":1024,\"height\":1024,\"caption\":\"Shop W5\"},\"image\":{\"@id\":\"https:\\\/\\\/www.w5.ro\\\/shop\\\/#\\\/schema\\\/logo\\\/image\\\/\"},\"sameAs\":[\"https:\\\/\\\/www.facebook.com\\\/profile.php?id=61575106282959\"]}]}<\/script>\n<!-- \/ Yoast SEO plugin. -->","yoast_head_json":{"title":"Breloc ratusca amuzanta - Shop W5","description":"Breloc r\u0103\u021bu\u0219c\u0103 cro\u0219etat\u0103 manual, mic\u0103 \u0219i plin\u0103 de farmec. Realizat\u0103 din fir moale, este un accesoriu vesel pentru chei, rucsac sau geant\u0103. Perfect\u0103 pentru a aduce un z\u00e2mbet oriunde mergi.","robots":{"index":"index","follow":"follow","max-snippet":"max-snippet:-1","max-image-preview":"max-image-preview:large","max-video-preview":"max-video-preview:-1"},"canonical":"https:\/\/www.w5.ro\/shop\/product\/breloc-ratusca-amuzanta\/","og_locale":"en_US","og_type":"article","og_title":"Breloc ratusca amuzanta - Shop W5","og_description":"Breloc r\u0103\u021bu\u0219c\u0103 cro\u0219etat\u0103 manual, mic\u0103 \u0219i plin\u0103 de farmec. Realizat\u0103 din fir moale, este un accesoriu vesel pentru chei, rucsac sau geant\u0103. Perfect\u0103 pentru a aduce un z\u00e2mbet oriunde mergi.","og_url":"https:\/\/www.w5.ro\/shop\/product\/breloc-ratusca-amuzanta\/","og_site_name":"Shop W5","article_publisher":"https:\/\/www.facebook.com\/profile.php?id=61575106282959","article_modified_time":"2026-04-03T17:35:26+00:00","og_image":[{"width":1001,"height":1024,"url":"https:\/\/www.w5.ro\/shop\/wp-content\/uploads\/2026\/03\/ratuste-1001x1024.png","type":"image\/png"}],"twitter_card":"summary_large_image","twitter_misc":{"Est. reading time":"1 minute"},"schema":{"@context":"https:\/\/schema.org","@graph":[{"@type":"WebPage","@id":"https:\/\/www.w5.ro\/shop\/product\/breloc-ratusca-amuzanta\/","url":"https:\/\/www.w5.ro\/shop\/product\/breloc-ratusca-amuzanta\/","name":"Breloc ratusca amuzanta - Shop W5","isPartOf":{"@id":"https:\/\/www.w5.ro\/shop\/#website"},"primaryImageOfPage":{"@id":"https:\/\/www.w5.ro\/shop\/product\/breloc-ratusca-amuzanta\/#primaryimage"},"image":{"@id":"https:\/\/www.w5.ro\/shop\/product\/breloc-ratusca-amuzanta\/#primaryimage"},"thumbnailUrl":"https:\/\/www.w5.ro\/shop\/wp-content\/uploads\/2026\/03\/ratuste.png","datePublished":"2026-03-10T08:28:25+00:00","dateModified":"2026-04-03T17:35:26+00:00","description":"Breloc r\u0103\u021bu\u0219c\u0103 cro\u0219etat\u0103 manual, mic\u0103 \u0219i plin\u0103 de farmec. Realizat\u0103 din fir moale, este un accesoriu vesel pentru chei, rucsac sau geant\u0103. Perfect\u0103 pentru a aduce un z\u00e2mbet oriunde mergi.","breadcrumb":{"@id":"https:\/\/www.w5.ro\/shop\/product\/breloc-ratusca-amuzanta\/#breadcrumb"},"inLanguage":"en-US","potentialAction":[{"@type":"ReadAction","target":["https:\/\/www.w5.ro\/shop\/product\/breloc-ratusca-amuzanta\/"]}]},{"@type":"ImageObject","inLanguage":"en-US","@id":"https:\/\/www.w5.ro\/shop\/product\/breloc-ratusca-amuzanta\/#primaryimage","url":"https:\/\/www.w5.ro\/shop\/wp-content\/uploads\/2026\/03\/ratuste.png","contentUrl":"https:\/\/www.w5.ro\/shop\/wp-content\/uploads\/2026\/03\/ratuste.png","width":2365,"height":2419},{"@type":"BreadcrumbList","@id":"https:\/\/www.w5.ro\/shop\/product\/breloc-ratusca-amuzanta\/#breadcrumb","itemListElement":[{"@type":"ListItem","position":1,"name":"Home","item":"https:\/\/www.w5.ro\/shop\/"},{"@type":"ListItem","position":2,"name":"Shop","item":"https:\/\/www.w5.ro\/shop\/"},{"@type":"ListItem","position":3,"name":"Breloc ratusca amuzanta"}]},{"@type":"WebSite","@id":"https:\/\/www.w5.ro\/shop\/#website","url":"https:\/\/www.w5.ro\/shop\/","name":"Shop W5","description":"","publisher":{"@id":"https:\/\/www.w5.ro\/shop\/#organization"},"potentialAction":[{"@type":"SearchAction","target":{"@type":"EntryPoint","urlTemplate":"https:\/\/www.w5.ro\/shop\/?s={search_term_string}"},"query-input":{"@type":"PropertyValueSpecification","valueRequired":true,"valueName":"search_term_string"}}],"inLanguage":"en-US"},{"@type":"Organization","@id":"https:\/\/www.w5.ro\/shop\/#organization","name":"Shop W5","url":"https:\/\/www.w5.ro\/shop\/","logo":{"@type":"ImageObject","inLanguage":"en-US","@id":"https:\/\/www.w5.ro\/shop\/#\/schema\/logo\/image\/","url":"https:\/\/www.w5.ro\/shop\/wp-content\/uploads\/2026\/03\/logo1_transparent-onlineshop.png","contentUrl":"https:\/\/www.w5.ro\/shop\/wp-content\/uploads\/2026\/03\/logo1_transparent-onlineshop.png","width":1024,"height":1024,"caption":"Shop W5"},"image":{"@id":"https:\/\/www.w5.ro\/shop\/#\/schema\/logo\/image\/"},"sameAs":["https:\/\/www.facebook.com\/profile.php?id=61575106282959"]}]}},"_links":{"self":[{"href":"https:\/\/www.w5.ro\/shop\/wp-json\/wp\/v2\/product\/288","targetHints":{"allow":["GET"]}}],"collection":[{"href":"https:\/\/www.w5.ro\/shop\/wp-json\/wp\/v2\/product"}],"about":[{"href":"https:\/\/www.w5.ro\/shop\/wp-json\/wp\/v2\/types\/product"}],"replies":[{"embeddable":true,"href":"https:\/\/www.w5.ro\/shop\/wp-json\/wp\/v2\/comments?post=288"}],"wp:featuredmedia":[{"embeddable":true,"href":"https:\/\/www.w5.ro\/shop\/wp-json\/wp\/v2\/media\/303"}],"wp:attachment":[{"href":"https:\/\/www.w5.ro\/shop\/wp-json\/wp\/v2\/media?parent=288"}],"wp:term":[{"taxonomy":"product_brand","embeddable":true,"href":"https:\/\/www.w5.ro\/shop\/wp-json\/wp\/v2\/product_brand?post=288"},{"taxonomy":"product_cat","embeddable":true,"href":"https:\/\/www.w5.ro\/shop\/wp-json\/wp\/v2\/product_cat?post=288"},{"taxonomy":"product_tag","embeddable":true,"href":"https:\/\/www.w5.ro\/shop\/wp-json\/wp\/v2\/product_tag?post=288"}],"curies":[{"name":"wp","href":"https:\/\/api.w.org\/{rel}","templated":true}]}}