{"id":294,"date":"2026-03-10T10:48:35","date_gmt":"2026-03-10T08:48:35","guid":{"rendered":"https:\/\/www.w5.ro\/shop\/?post_type=product&#038;p=294"},"modified":"2026-04-03T20:35:00","modified_gmt":"2026-04-03T17:35:00","slug":"breloc-biscuit-crosetat","status":"publish","type":"product","link":"https:\/\/www.w5.ro\/shop\/product\/breloc-biscuit-crosetat\/","title":{"rendered":"Breloc biscuit crosetat"},"content":{"rendered":"<p><strong>Caracteristici:<\/strong><\/p>\n<ul>\n<li><strong>Materiale de calitate:<\/strong>\n<ul>\n<li>Compozitie fir: 50% bumbac, 50% acril<\/li>\n<\/ul>\n<\/li>\n<li><strong>Dimensiune:<\/strong> 4 cm<\/li>\n<li><strong>Culoare:<\/strong>\n<ul>\n<li>poate fi realizat in diferite culori<\/li>\n<li>nuantele culorilor pot diferi putin in realitate in functie de setarile ecranului dvs.<\/li>\n<\/ul>\n<\/li>\n<li><strong>Siguranta:<\/strong>\u00a0pentru copii sub 3 ani se recomanda atenta supraveghere a unui adult.<\/li>\n<li><strong>Intretinere usoara:<\/strong>\u00a0Poate fi spalata manual, dar si in masina de spalat la un program delicat, la maxim 30\u02da C, pastrandu-si frumusetea si textura.<\/li>\n<\/ul>\n","protected":false},"excerpt":{"rendered":"<p>Breloc cro\u0219etat \u00een form\u0103 de biscuit, realizat manual cu grij\u0103 din fir moale \u0219i rezistent. Mic, simpatic \u0219i u\u0219or de purtat la chei, rucsac sau geant\u0103. Un accesoriu juc\u0103u\u0219 care aduce un strop de dulce \u00een fiecare zi.<\/p>\n","protected":false},"featured_media":310,"comment_status":"open","ping_status":"closed","template":"","meta":[],"product_brand":[],"product_cat":[30],"product_tag":[37,31],"class_list":{"0":"post-294","1":"product","2":"type-product","3":"status-publish","4":"has-post-thumbnail","6":"product_cat-brelocuri","7":"product_tag-biscuit","8":"product_tag-breloc","10":"first","11":"instock","12":"sale","13":"shipping-taxable","14":"purchasable","15":"product-type-simple"},"yoast_head":"<!-- This site is optimized with the Yoast SEO plugin v27.3 - https:\/\/yoast.com\/product\/yoast-seo-wordpress\/ -->\n<title>Breloc biscuit crosetat - Shop W5<\/title>\n<meta name=\"description\" content=\"Breloc cro\u0219etat \u00een form\u0103 de biscuit, realizat manual cu grij\u0103 din fir moale \u0219i rezistent. Mic, simpatic \u0219i u\u0219or de purtat la chei, rucsac sau geant\u0103. Un accesoriu juc\u0103u\u0219 care aduce un strop de dulce \u00een fiecare zi.\" \/>\n<meta name=\"robots\" content=\"index, follow, max-snippet:-1, max-image-preview:large, max-video-preview:-1\" \/>\n<link rel=\"canonical\" href=\"https:\/\/www.w5.ro\/shop\/product\/breloc-biscuit-crosetat\/\" \/>\n<meta property=\"og:locale\" content=\"en_US\" \/>\n<meta property=\"og:type\" content=\"article\" \/>\n<meta property=\"og:title\" content=\"Breloc biscuit crosetat - Shop W5\" \/>\n<meta property=\"og:description\" content=\"Breloc cro\u0219etat \u00een form\u0103 de biscuit, realizat manual cu grij\u0103 din fir moale \u0219i rezistent. Mic, simpatic \u0219i u\u0219or de purtat la chei, rucsac sau geant\u0103. Un accesoriu juc\u0103u\u0219 care aduce un strop de dulce \u00een fiecare zi.\" \/>\n<meta property=\"og:url\" content=\"https:\/\/www.w5.ro\/shop\/product\/breloc-biscuit-crosetat\/\" \/>\n<meta property=\"og:site_name\" content=\"Shop W5\" \/>\n<meta property=\"article:publisher\" content=\"https:\/\/www.facebook.com\/profile.php?id=61575106282959\" \/>\n<meta property=\"article:modified_time\" content=\"2026-04-03T17:35:00+00:00\" \/>\n<meta property=\"og:image\" content=\"https:\/\/www.w5.ro\/shop\/wp-content\/uploads\/2026\/03\/PXL_20260311_081927120-scaled.jpg\" \/>\n\t<meta property=\"og:image:width\" content=\"1928\" \/>\n\t<meta property=\"og:image:height\" content=\"2560\" \/>\n\t<meta property=\"og:image:type\" content=\"image\/jpeg\" \/>\n<meta name=\"twitter:card\" content=\"summary_large_image\" \/>\n<meta name=\"twitter:label1\" content=\"Est. reading time\" \/>\n\t<meta name=\"twitter:data1\" content=\"1 minute\" \/>\n<script type=\"application\/ld+json\" class=\"yoast-schema-graph\">{\"@context\":\"https:\\\/\\\/schema.org\",\"@graph\":[{\"@type\":\"WebPage\",\"@id\":\"https:\\\/\\\/www.w5.ro\\\/shop\\\/product\\\/breloc-biscuit-crosetat\\\/\",\"url\":\"https:\\\/\\\/www.w5.ro\\\/shop\\\/product\\\/breloc-biscuit-crosetat\\\/\",\"name\":\"Breloc biscuit crosetat - Shop W5\",\"isPartOf\":{\"@id\":\"https:\\\/\\\/www.w5.ro\\\/shop\\\/#website\"},\"primaryImageOfPage\":{\"@id\":\"https:\\\/\\\/www.w5.ro\\\/shop\\\/product\\\/breloc-biscuit-crosetat\\\/#primaryimage\"},\"image\":{\"@id\":\"https:\\\/\\\/www.w5.ro\\\/shop\\\/product\\\/breloc-biscuit-crosetat\\\/#primaryimage\"},\"thumbnailUrl\":\"https:\\\/\\\/www.w5.ro\\\/shop\\\/wp-content\\\/uploads\\\/2026\\\/03\\\/PXL_20260311_081927120-scaled.jpg\",\"datePublished\":\"2026-03-10T08:48:35+00:00\",\"dateModified\":\"2026-04-03T17:35:00+00:00\",\"description\":\"Breloc cro\u0219etat \u00een form\u0103 de biscuit, realizat manual cu grij\u0103 din fir moale \u0219i rezistent. Mic, simpatic \u0219i u\u0219or de purtat la chei, rucsac sau geant\u0103. Un accesoriu juc\u0103u\u0219 care aduce un strop de dulce \u00een fiecare zi.\",\"breadcrumb\":{\"@id\":\"https:\\\/\\\/www.w5.ro\\\/shop\\\/product\\\/breloc-biscuit-crosetat\\\/#breadcrumb\"},\"inLanguage\":\"en-US\",\"potentialAction\":[{\"@type\":\"ReadAction\",\"target\":[\"https:\\\/\\\/www.w5.ro\\\/shop\\\/product\\\/breloc-biscuit-crosetat\\\/\"]}]},{\"@type\":\"ImageObject\",\"inLanguage\":\"en-US\",\"@id\":\"https:\\\/\\\/www.w5.ro\\\/shop\\\/product\\\/breloc-biscuit-crosetat\\\/#primaryimage\",\"url\":\"https:\\\/\\\/www.w5.ro\\\/shop\\\/wp-content\\\/uploads\\\/2026\\\/03\\\/PXL_20260311_081927120-scaled.jpg\",\"contentUrl\":\"https:\\\/\\\/www.w5.ro\\\/shop\\\/wp-content\\\/uploads\\\/2026\\\/03\\\/PXL_20260311_081927120-scaled.jpg\",\"width\":1928,\"height\":2560},{\"@type\":\"BreadcrumbList\",\"@id\":\"https:\\\/\\\/www.w5.ro\\\/shop\\\/product\\\/breloc-biscuit-crosetat\\\/#breadcrumb\",\"itemListElement\":[{\"@type\":\"ListItem\",\"position\":1,\"name\":\"Home\",\"item\":\"https:\\\/\\\/www.w5.ro\\\/shop\\\/\"},{\"@type\":\"ListItem\",\"position\":2,\"name\":\"Shop\",\"item\":\"https:\\\/\\\/www.w5.ro\\\/shop\\\/\"},{\"@type\":\"ListItem\",\"position\":3,\"name\":\"Breloc biscuit crosetat\"}]},{\"@type\":\"WebSite\",\"@id\":\"https:\\\/\\\/www.w5.ro\\\/shop\\\/#website\",\"url\":\"https:\\\/\\\/www.w5.ro\\\/shop\\\/\",\"name\":\"Shop W5\",\"description\":\"\",\"publisher\":{\"@id\":\"https:\\\/\\\/www.w5.ro\\\/shop\\\/#organization\"},\"potentialAction\":[{\"@type\":\"SearchAction\",\"target\":{\"@type\":\"EntryPoint\",\"urlTemplate\":\"https:\\\/\\\/www.w5.ro\\\/shop\\\/?s={search_term_string}\"},\"query-input\":{\"@type\":\"PropertyValueSpecification\",\"valueRequired\":true,\"valueName\":\"search_term_string\"}}],\"inLanguage\":\"en-US\"},{\"@type\":\"Organization\",\"@id\":\"https:\\\/\\\/www.w5.ro\\\/shop\\\/#organization\",\"name\":\"Shop W5\",\"url\":\"https:\\\/\\\/www.w5.ro\\\/shop\\\/\",\"logo\":{\"@type\":\"ImageObject\",\"inLanguage\":\"en-US\",\"@id\":\"https:\\\/\\\/www.w5.ro\\\/shop\\\/#\\\/schema\\\/logo\\\/image\\\/\",\"url\":\"https:\\\/\\\/www.w5.ro\\\/shop\\\/wp-content\\\/uploads\\\/2026\\\/03\\\/logo1_transparent-onlineshop.png\",\"contentUrl\":\"https:\\\/\\\/www.w5.ro\\\/shop\\\/wp-content\\\/uploads\\\/2026\\\/03\\\/logo1_transparent-onlineshop.png\",\"width\":1024,\"height\":1024,\"caption\":\"Shop W5\"},\"image\":{\"@id\":\"https:\\\/\\\/www.w5.ro\\\/shop\\\/#\\\/schema\\\/logo\\\/image\\\/\"},\"sameAs\":[\"https:\\\/\\\/www.facebook.com\\\/profile.php?id=61575106282959\"]}]}<\/script>\n<!-- \/ Yoast SEO plugin. -->","yoast_head_json":{"title":"Breloc biscuit crosetat - Shop W5","description":"Breloc cro\u0219etat \u00een form\u0103 de biscuit, realizat manual cu grij\u0103 din fir moale \u0219i rezistent. Mic, simpatic \u0219i u\u0219or de purtat la chei, rucsac sau geant\u0103. Un accesoriu juc\u0103u\u0219 care aduce un strop de dulce \u00een fiecare zi.","robots":{"index":"index","follow":"follow","max-snippet":"max-snippet:-1","max-image-preview":"max-image-preview:large","max-video-preview":"max-video-preview:-1"},"canonical":"https:\/\/www.w5.ro\/shop\/product\/breloc-biscuit-crosetat\/","og_locale":"en_US","og_type":"article","og_title":"Breloc biscuit crosetat - Shop W5","og_description":"Breloc cro\u0219etat \u00een form\u0103 de biscuit, realizat manual cu grij\u0103 din fir moale \u0219i rezistent. Mic, simpatic \u0219i u\u0219or de purtat la chei, rucsac sau geant\u0103. Un accesoriu juc\u0103u\u0219 care aduce un strop de dulce \u00een fiecare zi.","og_url":"https:\/\/www.w5.ro\/shop\/product\/breloc-biscuit-crosetat\/","og_site_name":"Shop W5","article_publisher":"https:\/\/www.facebook.com\/profile.php?id=61575106282959","article_modified_time":"2026-04-03T17:35:00+00:00","og_image":[{"width":1928,"height":2560,"url":"https:\/\/www.w5.ro\/shop\/wp-content\/uploads\/2026\/03\/PXL_20260311_081927120-scaled.jpg","type":"image\/jpeg"}],"twitter_card":"summary_large_image","twitter_misc":{"Est. reading time":"1 minute"},"schema":{"@context":"https:\/\/schema.org","@graph":[{"@type":"WebPage","@id":"https:\/\/www.w5.ro\/shop\/product\/breloc-biscuit-crosetat\/","url":"https:\/\/www.w5.ro\/shop\/product\/breloc-biscuit-crosetat\/","name":"Breloc biscuit crosetat - Shop W5","isPartOf":{"@id":"https:\/\/www.w5.ro\/shop\/#website"},"primaryImageOfPage":{"@id":"https:\/\/www.w5.ro\/shop\/product\/breloc-biscuit-crosetat\/#primaryimage"},"image":{"@id":"https:\/\/www.w5.ro\/shop\/product\/breloc-biscuit-crosetat\/#primaryimage"},"thumbnailUrl":"https:\/\/www.w5.ro\/shop\/wp-content\/uploads\/2026\/03\/PXL_20260311_081927120-scaled.jpg","datePublished":"2026-03-10T08:48:35+00:00","dateModified":"2026-04-03T17:35:00+00:00","description":"Breloc cro\u0219etat \u00een form\u0103 de biscuit, realizat manual cu grij\u0103 din fir moale \u0219i rezistent. Mic, simpatic \u0219i u\u0219or de purtat la chei, rucsac sau geant\u0103. Un accesoriu juc\u0103u\u0219 care aduce un strop de dulce \u00een fiecare zi.","breadcrumb":{"@id":"https:\/\/www.w5.ro\/shop\/product\/breloc-biscuit-crosetat\/#breadcrumb"},"inLanguage":"en-US","potentialAction":[{"@type":"ReadAction","target":["https:\/\/www.w5.ro\/shop\/product\/breloc-biscuit-crosetat\/"]}]},{"@type":"ImageObject","inLanguage":"en-US","@id":"https:\/\/www.w5.ro\/shop\/product\/breloc-biscuit-crosetat\/#primaryimage","url":"https:\/\/www.w5.ro\/shop\/wp-content\/uploads\/2026\/03\/PXL_20260311_081927120-scaled.jpg","contentUrl":"https:\/\/www.w5.ro\/shop\/wp-content\/uploads\/2026\/03\/PXL_20260311_081927120-scaled.jpg","width":1928,"height":2560},{"@type":"BreadcrumbList","@id":"https:\/\/www.w5.ro\/shop\/product\/breloc-biscuit-crosetat\/#breadcrumb","itemListElement":[{"@type":"ListItem","position":1,"name":"Home","item":"https:\/\/www.w5.ro\/shop\/"},{"@type":"ListItem","position":2,"name":"Shop","item":"https:\/\/www.w5.ro\/shop\/"},{"@type":"ListItem","position":3,"name":"Breloc biscuit crosetat"}]},{"@type":"WebSite","@id":"https:\/\/www.w5.ro\/shop\/#website","url":"https:\/\/www.w5.ro\/shop\/","name":"Shop W5","description":"","publisher":{"@id":"https:\/\/www.w5.ro\/shop\/#organization"},"potentialAction":[{"@type":"SearchAction","target":{"@type":"EntryPoint","urlTemplate":"https:\/\/www.w5.ro\/shop\/?s={search_term_string}"},"query-input":{"@type":"PropertyValueSpecification","valueRequired":true,"valueName":"search_term_string"}}],"inLanguage":"en-US"},{"@type":"Organization","@id":"https:\/\/www.w5.ro\/shop\/#organization","name":"Shop W5","url":"https:\/\/www.w5.ro\/shop\/","logo":{"@type":"ImageObject","inLanguage":"en-US","@id":"https:\/\/www.w5.ro\/shop\/#\/schema\/logo\/image\/","url":"https:\/\/www.w5.ro\/shop\/wp-content\/uploads\/2026\/03\/logo1_transparent-onlineshop.png","contentUrl":"https:\/\/www.w5.ro\/shop\/wp-content\/uploads\/2026\/03\/logo1_transparent-onlineshop.png","width":1024,"height":1024,"caption":"Shop W5"},"image":{"@id":"https:\/\/www.w5.ro\/shop\/#\/schema\/logo\/image\/"},"sameAs":["https:\/\/www.facebook.com\/profile.php?id=61575106282959"]}]}},"_links":{"self":[{"href":"https:\/\/www.w5.ro\/shop\/wp-json\/wp\/v2\/product\/294","targetHints":{"allow":["GET"]}}],"collection":[{"href":"https:\/\/www.w5.ro\/shop\/wp-json\/wp\/v2\/product"}],"about":[{"href":"https:\/\/www.w5.ro\/shop\/wp-json\/wp\/v2\/types\/product"}],"replies":[{"embeddable":true,"href":"https:\/\/www.w5.ro\/shop\/wp-json\/wp\/v2\/comments?post=294"}],"wp:featuredmedia":[{"embeddable":true,"href":"https:\/\/www.w5.ro\/shop\/wp-json\/wp\/v2\/media\/310"}],"wp:attachment":[{"href":"https:\/\/www.w5.ro\/shop\/wp-json\/wp\/v2\/media?parent=294"}],"wp:term":[{"taxonomy":"product_brand","embeddable":true,"href":"https:\/\/www.w5.ro\/shop\/wp-json\/wp\/v2\/product_brand?post=294"},{"taxonomy":"product_cat","embeddable":true,"href":"https:\/\/www.w5.ro\/shop\/wp-json\/wp\/v2\/product_cat?post=294"},{"taxonomy":"product_tag","embeddable":true,"href":"https:\/\/www.w5.ro\/shop\/wp-json\/wp\/v2\/product_tag?post=294"}],"curies":[{"name":"wp","href":"https:\/\/api.w.org\/{rel}","templated":true}]}}