{"id":323,"date":"2026-03-13T14:52:52","date_gmt":"2026-03-13T12:52:52","guid":{"rendered":"https:\/\/www.w5.ro\/shop\/?post_type=product&#038;p=323"},"modified":"2026-04-03T20:43:53","modified_gmt":"2026-04-03T17:43:53","slug":"gasca-crosetata","status":"publish","type":"product","link":"https:\/\/www.w5.ro\/shop\/product\/gasca-crosetata\/","title":{"rendered":"Gasca crosetata"},"content":{"rendered":"<p>G\u00e2sca cro\u0219etat\u0103 manual este un cadou special pentru cei care indragesc accesoriile amuzante si este potrivita atat pentru copii, cat si pentru adulti.<\/p>\n<p><strong>Caracteristici:<\/strong><\/p>\n<ul>\n<li><strong>Materiale de calitate:<\/strong>\n<ul>\n<li>Compozitie fir: 50% bumbac, 50% acril<\/li>\n<li>Umplutura hipoalergenica<\/li>\n<li>Accesorii (ochisori) cu dispozitiv de siguranta<\/li>\n<\/ul>\n<\/li>\n<li><strong>Dimensiune ideala:<\/strong> 9 cm<\/li>\n<li><strong>Design unic:<\/strong>\u00a0Fiecare jucarie este crosetata manual, ceea ce inseamna ca fiecare piesa este unica in felul sau.<\/li>\n<li><strong>Culoare:<\/strong>\n<ul>\n<li>nuantele culorilor pot diferi putin in realitate in functie de setarile ecranului dvs.<\/li>\n<\/ul>\n<\/li>\n<li><strong>Siguranta:<\/strong>\u00a0pentru copii sub 3 ani se recomanda atenta supraveghere a unui adult.<\/li>\n<li><strong>Intretinere usoara:<\/strong>\u00a0Poate fi spalata manual, dar si in masina de spalat la un program delicat, la maxim 30\u02da C, pastrandu-si frumusetea si textura<\/li>\n<\/ul>\n","protected":false},"excerpt":{"rendered":"<p>G\u00e2sc\u0103 cro\u0219etat\u0103 manual, mic\u0103 \u0219i plin\u0103 de farmec. Realizat\u0103 din fir moale, este un accesoriu vesel pentru birou, sau chiar ca breloc pentru chei, rucsac sau geant\u0103. Perfect\u0103 pentru a aduce un z\u00e2mbet oriunde mergi.<\/p>\n","protected":false},"featured_media":324,"comment_status":"open","ping_status":"closed","template":"","meta":[],"product_brand":[],"product_cat":[30,18],"product_tag":[],"class_list":{"0":"post-323","1":"product","2":"type-product","3":"status-publish","4":"has-post-thumbnail","6":"product_cat-brelocuri","7":"product_cat-jucarii-crosetate","9":"first","10":"instock","11":"sale","12":"shipping-taxable","13":"purchasable","14":"product-type-simple"},"yoast_head":"<!-- This site is optimized with the Yoast SEO plugin v27.3 - https:\/\/yoast.com\/product\/yoast-seo-wordpress\/ -->\n<title>Gasca crosetata - Shop W5<\/title>\n<meta name=\"description\" content=\"G\u00e2sc\u0103 cro\u0219etat\u0103 manual, mic\u0103 \u0219i plin\u0103 de farmec. Realizat\u0103 din fir moale, este un accesoriu vesel pentru birou, sau chiar ca breloc pentru chei, rucsac sau geant\u0103. Perfect\u0103 pentru a aduce un z\u00e2mbet oriunde mergi.\" \/>\n<meta name=\"robots\" content=\"index, follow, max-snippet:-1, max-image-preview:large, max-video-preview:-1\" \/>\n<link rel=\"canonical\" href=\"https:\/\/www.w5.ro\/shop\/product\/gasca-crosetata\/\" \/>\n<meta property=\"og:locale\" content=\"en_US\" \/>\n<meta property=\"og:type\" content=\"article\" \/>\n<meta property=\"og:title\" content=\"Gasca crosetata - Shop W5\" \/>\n<meta property=\"og:description\" content=\"G\u00e2sc\u0103 cro\u0219etat\u0103 manual, mic\u0103 \u0219i plin\u0103 de farmec. Realizat\u0103 din fir moale, este un accesoriu vesel pentru birou, sau chiar ca breloc pentru chei, rucsac sau geant\u0103. Perfect\u0103 pentru a aduce un z\u00e2mbet oriunde mergi.\" \/>\n<meta property=\"og:url\" content=\"https:\/\/www.w5.ro\/shop\/product\/gasca-crosetata\/\" \/>\n<meta property=\"og:site_name\" content=\"Shop W5\" \/>\n<meta property=\"article:publisher\" content=\"https:\/\/www.facebook.com\/profile.php?id=61575106282959\" \/>\n<meta property=\"article:modified_time\" content=\"2026-04-03T17:43:53+00:00\" \/>\n<meta property=\"og:image\" content=\"https:\/\/www.w5.ro\/shop\/wp-content\/uploads\/2026\/03\/PXL_20260313_112250704.PORTRAIT.ORIGINAL-scaled.jpg\" \/>\n\t<meta property=\"og:image:width\" content=\"1928\" \/>\n\t<meta property=\"og:image:height\" content=\"2560\" \/>\n\t<meta property=\"og:image:type\" content=\"image\/jpeg\" \/>\n<meta name=\"twitter:card\" content=\"summary_large_image\" \/>\n<meta name=\"twitter:label1\" content=\"Est. reading time\" \/>\n\t<meta name=\"twitter:data1\" content=\"1 minute\" \/>\n<script type=\"application\/ld+json\" class=\"yoast-schema-graph\">{\"@context\":\"https:\\\/\\\/schema.org\",\"@graph\":[{\"@type\":\"WebPage\",\"@id\":\"https:\\\/\\\/www.w5.ro\\\/shop\\\/product\\\/gasca-crosetata\\\/\",\"url\":\"https:\\\/\\\/www.w5.ro\\\/shop\\\/product\\\/gasca-crosetata\\\/\",\"name\":\"Gasca crosetata - Shop W5\",\"isPartOf\":{\"@id\":\"https:\\\/\\\/www.w5.ro\\\/shop\\\/#website\"},\"primaryImageOfPage\":{\"@id\":\"https:\\\/\\\/www.w5.ro\\\/shop\\\/product\\\/gasca-crosetata\\\/#primaryimage\"},\"image\":{\"@id\":\"https:\\\/\\\/www.w5.ro\\\/shop\\\/product\\\/gasca-crosetata\\\/#primaryimage\"},\"thumbnailUrl\":\"https:\\\/\\\/www.w5.ro\\\/shop\\\/wp-content\\\/uploads\\\/2026\\\/03\\\/PXL_20260313_112250704.PORTRAIT.ORIGINAL-scaled.jpg\",\"datePublished\":\"2026-03-13T12:52:52+00:00\",\"dateModified\":\"2026-04-03T17:43:53+00:00\",\"description\":\"G\u00e2sc\u0103 cro\u0219etat\u0103 manual, mic\u0103 \u0219i plin\u0103 de farmec. Realizat\u0103 din fir moale, este un accesoriu vesel pentru birou, sau chiar ca breloc pentru chei, rucsac sau geant\u0103. Perfect\u0103 pentru a aduce un z\u00e2mbet oriunde mergi.\",\"breadcrumb\":{\"@id\":\"https:\\\/\\\/www.w5.ro\\\/shop\\\/product\\\/gasca-crosetata\\\/#breadcrumb\"},\"inLanguage\":\"en-US\",\"potentialAction\":[{\"@type\":\"ReadAction\",\"target\":[\"https:\\\/\\\/www.w5.ro\\\/shop\\\/product\\\/gasca-crosetata\\\/\"]}]},{\"@type\":\"ImageObject\",\"inLanguage\":\"en-US\",\"@id\":\"https:\\\/\\\/www.w5.ro\\\/shop\\\/product\\\/gasca-crosetata\\\/#primaryimage\",\"url\":\"https:\\\/\\\/www.w5.ro\\\/shop\\\/wp-content\\\/uploads\\\/2026\\\/03\\\/PXL_20260313_112250704.PORTRAIT.ORIGINAL-scaled.jpg\",\"contentUrl\":\"https:\\\/\\\/www.w5.ro\\\/shop\\\/wp-content\\\/uploads\\\/2026\\\/03\\\/PXL_20260313_112250704.PORTRAIT.ORIGINAL-scaled.jpg\",\"width\":1928,\"height\":2560},{\"@type\":\"BreadcrumbList\",\"@id\":\"https:\\\/\\\/www.w5.ro\\\/shop\\\/product\\\/gasca-crosetata\\\/#breadcrumb\",\"itemListElement\":[{\"@type\":\"ListItem\",\"position\":1,\"name\":\"Home\",\"item\":\"https:\\\/\\\/www.w5.ro\\\/shop\\\/\"},{\"@type\":\"ListItem\",\"position\":2,\"name\":\"Shop\",\"item\":\"https:\\\/\\\/www.w5.ro\\\/shop\\\/\"},{\"@type\":\"ListItem\",\"position\":3,\"name\":\"Gasca crosetata\"}]},{\"@type\":\"WebSite\",\"@id\":\"https:\\\/\\\/www.w5.ro\\\/shop\\\/#website\",\"url\":\"https:\\\/\\\/www.w5.ro\\\/shop\\\/\",\"name\":\"Shop W5\",\"description\":\"\",\"publisher\":{\"@id\":\"https:\\\/\\\/www.w5.ro\\\/shop\\\/#organization\"},\"potentialAction\":[{\"@type\":\"SearchAction\",\"target\":{\"@type\":\"EntryPoint\",\"urlTemplate\":\"https:\\\/\\\/www.w5.ro\\\/shop\\\/?s={search_term_string}\"},\"query-input\":{\"@type\":\"PropertyValueSpecification\",\"valueRequired\":true,\"valueName\":\"search_term_string\"}}],\"inLanguage\":\"en-US\"},{\"@type\":\"Organization\",\"@id\":\"https:\\\/\\\/www.w5.ro\\\/shop\\\/#organization\",\"name\":\"Shop W5\",\"url\":\"https:\\\/\\\/www.w5.ro\\\/shop\\\/\",\"logo\":{\"@type\":\"ImageObject\",\"inLanguage\":\"en-US\",\"@id\":\"https:\\\/\\\/www.w5.ro\\\/shop\\\/#\\\/schema\\\/logo\\\/image\\\/\",\"url\":\"https:\\\/\\\/www.w5.ro\\\/shop\\\/wp-content\\\/uploads\\\/2026\\\/03\\\/logo1_transparent-onlineshop.png\",\"contentUrl\":\"https:\\\/\\\/www.w5.ro\\\/shop\\\/wp-content\\\/uploads\\\/2026\\\/03\\\/logo1_transparent-onlineshop.png\",\"width\":1024,\"height\":1024,\"caption\":\"Shop W5\"},\"image\":{\"@id\":\"https:\\\/\\\/www.w5.ro\\\/shop\\\/#\\\/schema\\\/logo\\\/image\\\/\"},\"sameAs\":[\"https:\\\/\\\/www.facebook.com\\\/profile.php?id=61575106282959\"]}]}<\/script>\n<!-- \/ Yoast SEO plugin. -->","yoast_head_json":{"title":"Gasca crosetata - Shop W5","description":"G\u00e2sc\u0103 cro\u0219etat\u0103 manual, mic\u0103 \u0219i plin\u0103 de farmec. Realizat\u0103 din fir moale, este un accesoriu vesel pentru birou, sau chiar ca breloc pentru chei, rucsac sau geant\u0103. Perfect\u0103 pentru a aduce un z\u00e2mbet oriunde mergi.","robots":{"index":"index","follow":"follow","max-snippet":"max-snippet:-1","max-image-preview":"max-image-preview:large","max-video-preview":"max-video-preview:-1"},"canonical":"https:\/\/www.w5.ro\/shop\/product\/gasca-crosetata\/","og_locale":"en_US","og_type":"article","og_title":"Gasca crosetata - Shop W5","og_description":"G\u00e2sc\u0103 cro\u0219etat\u0103 manual, mic\u0103 \u0219i plin\u0103 de farmec. Realizat\u0103 din fir moale, este un accesoriu vesel pentru birou, sau chiar ca breloc pentru chei, rucsac sau geant\u0103. Perfect\u0103 pentru a aduce un z\u00e2mbet oriunde mergi.","og_url":"https:\/\/www.w5.ro\/shop\/product\/gasca-crosetata\/","og_site_name":"Shop W5","article_publisher":"https:\/\/www.facebook.com\/profile.php?id=61575106282959","article_modified_time":"2026-04-03T17:43:53+00:00","og_image":[{"width":1928,"height":2560,"url":"https:\/\/www.w5.ro\/shop\/wp-content\/uploads\/2026\/03\/PXL_20260313_112250704.PORTRAIT.ORIGINAL-scaled.jpg","type":"image\/jpeg"}],"twitter_card":"summary_large_image","twitter_misc":{"Est. reading time":"1 minute"},"schema":{"@context":"https:\/\/schema.org","@graph":[{"@type":"WebPage","@id":"https:\/\/www.w5.ro\/shop\/product\/gasca-crosetata\/","url":"https:\/\/www.w5.ro\/shop\/product\/gasca-crosetata\/","name":"Gasca crosetata - Shop W5","isPartOf":{"@id":"https:\/\/www.w5.ro\/shop\/#website"},"primaryImageOfPage":{"@id":"https:\/\/www.w5.ro\/shop\/product\/gasca-crosetata\/#primaryimage"},"image":{"@id":"https:\/\/www.w5.ro\/shop\/product\/gasca-crosetata\/#primaryimage"},"thumbnailUrl":"https:\/\/www.w5.ro\/shop\/wp-content\/uploads\/2026\/03\/PXL_20260313_112250704.PORTRAIT.ORIGINAL-scaled.jpg","datePublished":"2026-03-13T12:52:52+00:00","dateModified":"2026-04-03T17:43:53+00:00","description":"G\u00e2sc\u0103 cro\u0219etat\u0103 manual, mic\u0103 \u0219i plin\u0103 de farmec. Realizat\u0103 din fir moale, este un accesoriu vesel pentru birou, sau chiar ca breloc pentru chei, rucsac sau geant\u0103. Perfect\u0103 pentru a aduce un z\u00e2mbet oriunde mergi.","breadcrumb":{"@id":"https:\/\/www.w5.ro\/shop\/product\/gasca-crosetata\/#breadcrumb"},"inLanguage":"en-US","potentialAction":[{"@type":"ReadAction","target":["https:\/\/www.w5.ro\/shop\/product\/gasca-crosetata\/"]}]},{"@type":"ImageObject","inLanguage":"en-US","@id":"https:\/\/www.w5.ro\/shop\/product\/gasca-crosetata\/#primaryimage","url":"https:\/\/www.w5.ro\/shop\/wp-content\/uploads\/2026\/03\/PXL_20260313_112250704.PORTRAIT.ORIGINAL-scaled.jpg","contentUrl":"https:\/\/www.w5.ro\/shop\/wp-content\/uploads\/2026\/03\/PXL_20260313_112250704.PORTRAIT.ORIGINAL-scaled.jpg","width":1928,"height":2560},{"@type":"BreadcrumbList","@id":"https:\/\/www.w5.ro\/shop\/product\/gasca-crosetata\/#breadcrumb","itemListElement":[{"@type":"ListItem","position":1,"name":"Home","item":"https:\/\/www.w5.ro\/shop\/"},{"@type":"ListItem","position":2,"name":"Shop","item":"https:\/\/www.w5.ro\/shop\/"},{"@type":"ListItem","position":3,"name":"Gasca crosetata"}]},{"@type":"WebSite","@id":"https:\/\/www.w5.ro\/shop\/#website","url":"https:\/\/www.w5.ro\/shop\/","name":"Shop W5","description":"","publisher":{"@id":"https:\/\/www.w5.ro\/shop\/#organization"},"potentialAction":[{"@type":"SearchAction","target":{"@type":"EntryPoint","urlTemplate":"https:\/\/www.w5.ro\/shop\/?s={search_term_string}"},"query-input":{"@type":"PropertyValueSpecification","valueRequired":true,"valueName":"search_term_string"}}],"inLanguage":"en-US"},{"@type":"Organization","@id":"https:\/\/www.w5.ro\/shop\/#organization","name":"Shop W5","url":"https:\/\/www.w5.ro\/shop\/","logo":{"@type":"ImageObject","inLanguage":"en-US","@id":"https:\/\/www.w5.ro\/shop\/#\/schema\/logo\/image\/","url":"https:\/\/www.w5.ro\/shop\/wp-content\/uploads\/2026\/03\/logo1_transparent-onlineshop.png","contentUrl":"https:\/\/www.w5.ro\/shop\/wp-content\/uploads\/2026\/03\/logo1_transparent-onlineshop.png","width":1024,"height":1024,"caption":"Shop W5"},"image":{"@id":"https:\/\/www.w5.ro\/shop\/#\/schema\/logo\/image\/"},"sameAs":["https:\/\/www.facebook.com\/profile.php?id=61575106282959"]}]}},"_links":{"self":[{"href":"https:\/\/www.w5.ro\/shop\/wp-json\/wp\/v2\/product\/323","targetHints":{"allow":["GET"]}}],"collection":[{"href":"https:\/\/www.w5.ro\/shop\/wp-json\/wp\/v2\/product"}],"about":[{"href":"https:\/\/www.w5.ro\/shop\/wp-json\/wp\/v2\/types\/product"}],"replies":[{"embeddable":true,"href":"https:\/\/www.w5.ro\/shop\/wp-json\/wp\/v2\/comments?post=323"}],"wp:featuredmedia":[{"embeddable":true,"href":"https:\/\/www.w5.ro\/shop\/wp-json\/wp\/v2\/media\/324"}],"wp:attachment":[{"href":"https:\/\/www.w5.ro\/shop\/wp-json\/wp\/v2\/media?parent=323"}],"wp:term":[{"taxonomy":"product_brand","embeddable":true,"href":"https:\/\/www.w5.ro\/shop\/wp-json\/wp\/v2\/product_brand?post=323"},{"taxonomy":"product_cat","embeddable":true,"href":"https:\/\/www.w5.ro\/shop\/wp-json\/wp\/v2\/product_cat?post=323"},{"taxonomy":"product_tag","embeddable":true,"href":"https:\/\/www.w5.ro\/shop\/wp-json\/wp\/v2\/product_tag?post=323"}],"curies":[{"name":"wp","href":"https:\/\/api.w.org\/{rel}","templated":true}]}}